{"id":111,"date":"2020-06-05T17:54:15","date_gmt":"2020-06-05T15:54:15","guid":{"rendered":"https:\/\/isarmarathon.de\/?page_id=111"},"modified":"2020-06-14T15:18:35","modified_gmt":"2020-06-14T13:18:35","slug":"fronleichnam-11-6-2020","status":"publish","type":"page","link":"https:\/\/isarmarathon.de\/?page_id=111","title":{"rendered":"Fronleichnam, 11.6.2020"},"content":{"rendered":"\n<p><em><strong>Vorbemerkung:<\/strong><\/em><br>Aufgrund der aktuellen Einschr\u00e4nkungen durch die Corona-Pandemie ist der Lauf so organisiert, dass die bestehenden Kontaktbeschr\u00e4nkungen eingehalten werden k\u00f6nnen: Der Start erfolgt mit 10 Sekunden Abstand also mindestens 15 Meter Abstand, gem\u00e4\u00df den BLV Regeln f\u00fcr das Laufen. Gem\u00e4\u00df der aktuellen bayerischen Notverordnung d\u00fcrfen nun 20 Sportler zusammen trainieren. Gelaufen wird M\u00fcnchen auf der rechten Wegseite. Beim \u00dcberholen von Spazierg\u00e4ngern bitte auf Radfahrer achten, die von hinten kommen. Besonders bei Gegenverkehr. Lieber mal kurz bremsen, ehe es zu eng und auch gef\u00e4hrlich wird.<\/p>\n\n\n\n<strong>Ergebnisse:<\/strong><ul>\n<li>Andreas Greppmeir, Team Tomj, 5:59:26<\/li>\n<li>Bernie Manhard, Team Tomj, 5:59:53<\/li>\n<li>Judith Strack, M\u00fcnchen, 5:59:57<\/li>\n<li>Andreas Bettingen, M\u00fcnchen, 5:59:59<\/li>\n<li>Birgit Fender, 6:00:02<\/li>\n<li>Norbert Fender, 6:00:02<\/li><\/ul>\n\n\n\n<p><strong>Datum:<\/strong><br>Der Lauf findet am Donnerstag, 11.6.2020 statt.<\/p>\n\n\n\n<p><strong>Startzeit\/Zeitlimit:<\/strong><br>Startzeit ist um 9:00. Kein Zeitlimit, jedoch muss der Marathon in einem St\u00fcck abgeschlossen werden.<\/p>\n\n\n\n<p><strong>Strecke<\/strong><br>Die Strecke f\u00fchrt meist an der Isar entlang. Ein Plan wird noch nachgereicht.<\/p>\n\n\n\n<p>Start an der Muffathalle, dann 16 Kilometer nach S\u00fcden bis kurz hinter dem Georgenstein. Hinauf nach Buchenhain und \u00fcber Pullach und die Gro\u00dfhesseloher Br\u00fccker zur\u00fcck nach M\u00fcnchen. \u00dcber die alte Isartalbahnstrecke nach Thalkirchen und dann auf der westlichen Seite bis zur John F. Kennedy Br\u00fccke. Von dort zur\u00fcck zum Start\/Ziel. Den L\u00e4uferInnen wird ein GPS-Track, plus Info zur Verf\u00fcgung gestellt. Auch bei einem Verlaufen m\u00fcsste anhand der Isar der Laufweg wiedergefunden werden. Die Strecke kreuzt am Ende vier ampelgesicherte Stra\u00dfen. Hier ist auf die StVo zu achten.<\/p>\n\n\n\n<p>Die Strecke ist durch die Isar-Kilometermarkierung quasi amtlich vermessen und gute 42,3 km lang.<\/p>\n\n\n\n<p><strong>Start- und Ziel<\/strong>,<strong> Gep\u00e4ckaufbewahrung:<\/strong><br>Muffathalle M\u00fcnchen, neben dem Volksbad, keine Gep\u00e4ckaufbewahrung.<\/p>\n\n\n\n<p><strong>Anfahrt:<\/strong><br>Mit der S-Bahn (alle Linien) zur Haltestelle Rosenheimer Platz. Ausgang Gasteig und dann hinunter zur Isar. Rechts vor dem Volksbad zur Muffathalle. Dort an der Isar ist Start und Ziel. Per Auto nur von Osten kommend rechts abbiegen. Dort gibt es einen kleinen Parkplatz.<\/p>\n\n\n\n<p><strong>Verpflegung:<\/strong><br>Keine Verpflegung durch den Organisator. In Pullach gibt es einen Trinkwasserbrunnen und dann am Flaucher im M\u00fcnchen. Danach auf der Innenstadtstrecke mehrere Kioske.Am Ziel befindet sich der Muffatbiergarten.<\/p>\n\n\n\n<p><strong>Toiletten\/Duschen:<\/strong><br>Am Start steht eine Dixi-Toilette zur Verf\u00fcgung. Auf der S\u00fcdrunde unz\u00e4hlige H\u00e4uschen an der Strecke. Auf der Nordrunde viel Natur.<br>Duschen und Baden im Volksbad (zur Zeit geschlossen) oder in der Isar, zur Zeit \u00fcber 13 Grad.<\/p>\n\n\n\n<p><strong>Zeitnahme:<\/strong><br>Selbst\u00e4ndig per Laufuhr. Der GPS-Track dient als Nachweis der Zeit und der Kilometer<\/p>\n\n\n\n<p><strong>Startgeb\u00fchr:<\/strong><br>Keine. keine Spende<\/p>\n\n\n\n<p><strong>Anerkennung:<\/strong><br>Urkunde per mail<\/p>\n\n\n\n<p><strong>Teilnehmerlimit:<\/strong><br>mindestens 3, maximal 20 \u2013 Mindestalter 18 Jahre<\/p>\n\n\n\n<p><strong>Ergebnisliste:<\/strong><br>Hier auf der Seite<\/p>\n\n\n\n<p><strong>Anmeldung:<\/strong><br>bis 12 Stunden vor Start; unter Angabe von Vorname, Nachname, Ort und Verein per Mail. Keine Nachmeldungen.<\/p>\n\n\n\n<p><strong>Kontakt\/weitereInformationen:<\/strong><br>kontakt@isarmarathon.de<\/p>\n\n\n\n<p><strong>Haftungsausschl\u00fcsse und notwendige Erkl\u00e4rungen der Teilnehmer:<\/strong><br>1. Der Veranstalter \u00fcbernimmt f\u00fcr Unf\u00e4lle und Verletzungen aller Art sowie Diebstahl oder sonstige Sch\u00e4den keine Haftung. Die Teilnahme erfolgt auf eigenes Risiko.<\/p>\n\n\n\n<p>2. Der Teilnehmer erkl\u00e4rt, dass er die zum Zeitpunkt des Laufs g\u00fcltigen bayrischen Kontaktbeschr\u00e4nkungen und weitere gesetzlichen Vorgaben im Rahmen der Corona-Pandemie einh\u00e4lt.<\/p>\n\n\n\n<p>3. Der Teilnehmer erkl\u00e4rt, dass er einen f\u00fcr die Absolvierung des Laufs ausreichenden Trainings- und Gesundheitszustand besitzt und mehre Marathons im Jahr l\u00e4uft.&nbsp;Eine medizinische Betreuung wird nicht organisiert.<\/p>\n\n\n\n<p>4.&nbsp;Es gilt die Stra\u00dfenverkehrsordnung. Am Tierpark (Nordrunde) kann eine Stra\u00dfe \u00fcber einen Zebrastreifen \u00fcberquert werden oder unterquert \u00fcber einen stark befahrenen Radweg. Ansonsten handelt es sich um einen Fu\u00df-\/Radweg. Es wird in M\u00fcnchen rechts gelaufen.<\/p>\n\n\n\n<p>5. Sollten sich die rechtlichen Rahmenbedingungen (Notverordnung) \u00e4ndern kann der Lauf abgesagt werden.<\/p>\n\n\n\n<p>6. Der Teilnehmer best\u00e4tigt mit seiner Anmeldung, dass er damit einverstanden ist, dass s\u00e4mtliche Fotos und Videos, die im Zusammenhang mit dem Lauf stehen, ohne Verg\u00fctungsanspr\u00fcche genutzt werden d\u00fcrfen .<\/p>\n","protected":false},"excerpt":{"rendered":"<p>Vorbemerkung:Aufgrund der aktuellen Einschr\u00e4nkungen durch die Corona-Pandemie ist der Lauf so organisiert, dass die bestehenden Kontaktbeschr\u00e4nkungen eingehalten werden k\u00f6nnen: Der Start erfolgt mit 10 Sekunden Abstand also mindestens 15 Meter Abstand, gem\u00e4\u00df den BLV Regeln f\u00fcr das Laufen. Gem\u00e4\u00df der aktuellen bayerischen Notverordnung d\u00fcrfen nun 20 Sportler zusammen trainieren. Gelaufen wird M\u00fcnchen auf der rechten &hellip; <\/p>\n<p class=\"link-more\"><a href=\"https:\/\/isarmarathon.de\/?page_id=111\" class=\"more-link\"><span class=\"screen-reader-text\">\u201eFronleichnam, 11.6.2020\u201c <\/span>weiterlesen<\/a><\/p>\n","protected":false},"author":1,"featured_media":125,"parent":0,"menu_order":0,"comment_status":"closed","ping_status":"closed","template":"","meta":{"footnotes":""},"class_list":["post-111","page","type-page","status-publish","has-post-thumbnail","hentry"],"_links":{"self":[{"href":"https:\/\/isarmarathon.de\/index.php?rest_route=\/wp\/v2\/pages\/111","targetHints":{"allow":["GET"]}}],"collection":[{"href":"https:\/\/isarmarathon.de\/index.php?rest_route=\/wp\/v2\/pages"}],"about":[{"href":"https:\/\/isarmarathon.de\/index.php?rest_route=\/wp\/v2\/types\/page"}],"author":[{"embeddable":true,"href":"https:\/\/isarmarathon.de\/index.php?rest_route=\/wp\/v2\/users\/1"}],"replies":[{"embeddable":true,"href":"https:\/\/isarmarathon.de\/index.php?rest_route=%2Fwp%2Fv2%2Fcomments&post=111"}],"version-history":[{"count":10,"href":"https:\/\/isarmarathon.de\/index.php?rest_route=\/wp\/v2\/pages\/111\/revisions"}],"predecessor-version":[{"id":140,"href":"https:\/\/isarmarathon.de\/index.php?rest_route=\/wp\/v2\/pages\/111\/revisions\/140"}],"wp:featuredmedia":[{"embeddable":true,"href":"https:\/\/isarmarathon.de\/index.php?rest_route=\/wp\/v2\/media\/125"}],"wp:attachment":[{"href":"https:\/\/isarmarathon.de\/index.php?rest_route=%2Fwp%2Fv2%2Fmedia&parent=111"}],"curies":[{"name":"wp","href":"https:\/\/api.w.org\/{rel}","templated":true}]}}