{"id":13,"date":"2020-05-09T15:59:54","date_gmt":"2020-05-09T15:59:54","guid":{"rendered":"http:\/\/isarmarathon.de\/?page_id=13"},"modified":"2026-02-22T15:37:19","modified_gmt":"2026-02-22T13:37:19","slug":"home","status":"publish","type":"page","link":"https:\/\/isarmarathon.de\/","title":{"rendered":"Startseite"},"content":{"rendered":"\n<p>Endlich gibt es auch kleine Marathons in M\u00fcnchen.<\/p>\n\n\n\n<p>F\u00fcr L\u00e4uferinnen und L\u00e4ufer, die ohne gro\u00dfen Aufwand die klassische Marathonstrecke absolvieren wollen.<br>Die Marathons entsprechen den Z\u00e4hlregeln des 100 Marathon Clubs Deutschland.<\/p>\n\n\n\n<p>Hier die n\u00e4chsten Termine, alles weitere folgt:<\/p>\n\n\n\n<p><strong>Sonntag, 19.4.2026: <a href=\"https:\/\/isarmarathon.de\/?page_id=739\" data-type=\"page\" data-id=\"739\">5. MUCUT Munich Urban Trail Marathon<\/a><\/strong><\/p>\n\n\n\n<p><strong>R\u00fcckblick:<\/strong><\/p>\n\n\n\n<p><a href=\"https:\/\/isarmarathon.de\/?page_id=412\" data-type=\"page\" data-id=\"412\">Samstag, 30.8.2025:<strong> 1. Tegernsee Marathon<\/strong><\/a><br><a href=\"https:\/\/isarmarathon.de\/?page_id=710\" data-type=\"page\" data-id=\"710\">Samstag, 23.8.2025:<strong> 10. Isar-S\u00fcd Marathon<\/strong><\/a><br>Sonntag, 23.3.2025: <a href=\"https:\/\/isarmarathon.de\/?page_id=667\" data-type=\"page\" data-id=\"667\"><strong>4. MUCUT Munich Urban Trail Marathon <\/strong><\/a><br>Mari\u00e4 Himmelfahrt, Donnerstag, 15.8.2024 der <a href=\"https:\/\/isarmarathon.de\/?page_id=652\" data-type=\"page\" data-id=\"652\"><strong>9. Isar-S\u00fcd Marathon<\/strong><\/a><br>Pfingstsamstag, 18.5.2024: <a href=\"https:\/\/isarmarathon.de\/?page_id=642\" data-type=\"page\" data-id=\"642\"><strong>8. Isar-S\u00fcd Marathon<\/strong><\/a><br>Sonntag, 10.3.2024: <strong><a href=\"https:\/\/isarmarathon.de\/?page_id=610\" data-type=\"page\" data-id=\"610\">3. Munich Urban Trail Marathon &#8211; MUCUT<\/a><\/strong><br>Sonntag, 6.8.2023: <strong><a href=\"https:\/\/isarmarathon.de\/?page_id=595\" data-type=\"page\" data-id=\"595\">1. Starnberger See Ultra<\/a><\/strong><br>Pfingstmontag, 29.5.2023: <a href=\"https:\/\/isarmarathon.de\/?page_id=577\"><strong>7. Isar-S\u00fcd Marathon<\/strong><\/a><br>Samstag, 11.3.2023: <strong><a href=\"https:\/\/isarmarathon.de\/?page_id=490\" data-type=\"page\" data-id=\"490\">2. Munich Urban Trail Marathon- MUCUT<\/a><\/strong><br>Samstag, 10.9.2022: <strong><a href=\"https:\/\/isarmarathon.de\/?page_id=500\" data-type=\"page\" data-id=\"500\">M\u00fcnchner Olympiamarathon 1972<\/a><\/strong> &#8211; Erinnerungslauf auf der Originalstrecke 50 Jahre danach. Diesmal auch f\u00fcr Frauen.<\/p>\n\n\n\n<p>Weitere Termine sehr gerne auch auf Anfrage. <\/p>\n\n\n\n<div class=\"wp-block-group\"><div class=\"wp-block-group__inner-container is-layout-flow wp-block-group-is-layout-flow\">\n<div class=\"wp-block-group\"><div class=\"wp-block-group__inner-container is-layout-flow wp-block-group-is-layout-flow\">\n<p><strong>Strecken<\/strong> (werden auf Wunsch den Terminen zugeordnet)<\/p>\n<\/div><\/div>\n\n\n\n<div class=\"wp-block-group\"><div class=\"wp-block-group__inner-container is-layout-flow wp-block-group-is-layout-flow\">\n<ul class=\"wp-block-list\">\n<li>Isar S\u00fcdrunde nach Buchenhain, Pullach<\/li>\n\n\n\n<li>Isar Arena-Runde nach Garching Forschungszentren und zur Allianz Arena<\/li>\n\n\n\n<li>Isar Speichersee Marathon. Isar und Ismaninger Speichersee<\/li>\n\n\n\n<li>Isar Die schnelle Runde, 9 km nach S\u00fcden und zur\u00fcck, dann 12 km nach Norden<\/li>\n\n\n\n<li><a href=\"https:\/\/isarmarathon.de\/?page_id=432\" data-type=\"page\" data-id=\"432\">Oktoberfest Marathon<\/a> \u00fcber die Wies&#8217;n und im Westpark (aufgrund der aktuellen \u00dcberf\u00fcllung des Westparks zur Zeit nicht m\u00f6glich)<\/li>\n\n\n\n<li>Perlacher Forst von Perlach nach Deisenhofen (siehe Historie)<\/li>\n\n\n\n<li>Marathon am Tegernsee. Um den See (20km) und dann nach Kreuth nach Siebenh\u00fctten und zur\u00fcck<\/li>\n\n\n\n<li>oder auch mal ganz woanders&#8230;<\/li>\n<\/ul>\n\n\n\n<p><\/p>\n<\/div><\/div>\n<\/div><\/div>\n","protected":false},"excerpt":{"rendered":"<p>Endlich gibt es auch kleine Marathons in M\u00fcnchen. F\u00fcr L\u00e4uferinnen und L\u00e4ufer, die ohne gro\u00dfen Aufwand die klassische Marathonstrecke absolvieren wollen.Die Marathons entsprechen den Z\u00e4hlregeln des 100 Marathon Clubs Deutschland. Hier die n\u00e4chsten Termine, alles weitere folgt: Sonntag, 19.4.2026: 5. MUCUT Munich Urban Trail Marathon R\u00fcckblick: Samstag, 30.8.2025: 1. Tegernsee MarathonSamstag, 23.8.2025: 10. Isar-S\u00fcd MarathonSonntag, &hellip; <\/p>\n<p class=\"link-more\"><a href=\"https:\/\/isarmarathon.de\/\" class=\"more-link\"><span class=\"screen-reader-text\">\u201eStartseite\u201c <\/span>weiterlesen<\/a><\/p>\n","protected":false},"author":1,"featured_media":0,"parent":0,"menu_order":0,"comment_status":"closed","ping_status":"closed","template":"","meta":{"footnotes":""},"class_list":["post-13","page","type-page","status-publish","hentry"],"_links":{"self":[{"href":"https:\/\/isarmarathon.de\/index.php?rest_route=\/wp\/v2\/pages\/13","targetHints":{"allow":["GET"]}}],"collection":[{"href":"https:\/\/isarmarathon.de\/index.php?rest_route=\/wp\/v2\/pages"}],"about":[{"href":"https:\/\/isarmarathon.de\/index.php?rest_route=\/wp\/v2\/types\/page"}],"author":[{"embeddable":true,"href":"https:\/\/isarmarathon.de\/index.php?rest_route=\/wp\/v2\/users\/1"}],"replies":[{"embeddable":true,"href":"https:\/\/isarmarathon.de\/index.php?rest_route=%2Fwp%2Fv2%2Fcomments&post=13"}],"version-history":[{"count":70,"href":"https:\/\/isarmarathon.de\/index.php?rest_route=\/wp\/v2\/pages\/13\/revisions"}],"predecessor-version":[{"id":749,"href":"https:\/\/isarmarathon.de\/index.php?rest_route=\/wp\/v2\/pages\/13\/revisions\/749"}],"wp:attachment":[{"href":"https:\/\/isarmarathon.de\/index.php?rest_route=%2Fwp%2Fv2%2Fmedia&parent=13"}],"curies":[{"name":"wp","href":"https:\/\/api.w.org\/{rel}","templated":true}]}}