{"id":141,"date":"2020-06-15T20:54:59","date_gmt":"2020-06-15T18:54:59","guid":{"rendered":"https:\/\/isarmarathon.de\/?page_id=141"},"modified":"2020-06-23T21:10:22","modified_gmt":"2020-06-23T19:10:22","slug":"samstag-20-6-2020-bodensee","status":"publish","type":"page","link":"https:\/\/isarmarathon.de\/?page_id=141","title":{"rendered":"Samstag, 20.6.2020 Bodensee-Ultra"},"content":{"rendered":"\n<p><em><strong>Vorbemerkung:<\/strong><\/em><br>Aufgrund der aktuellen Einschr\u00e4nkungen durch die Corona-Pandemie k\u00f6nnen nur 10 Personen teilnehmen. Beim \u00dcberholen von Spazierg\u00e4ngern bitte auf Radfahrer achten, die von hinten kommen. Besonders bei Gegenverkehr. Lieber mal kurz bremsen, ehe es zu eng und auch gef\u00e4hrlich wird.<\/p>\n\n\n\n<strong>Ergebnis:<\/strong><ul>\n<li>Volker Wittke, Stahringen: 5:15:41<\/li>\n<li>Judith Strack, M\u00fcnchen: 5:15:42<\/li>\n<li>Andreas Bettingen, M\u00fcnchen: 5:15:50<\/li><\/ul> \n\n\n\n<p><strong>Datum:<\/strong><br>Der Lauf findet am Samstag, 20.6.2020 statt.<\/p>\n\n\n\n<p><strong>Startzeit\/Zeitlimit:<\/strong><br>Startzeit:10:30. Kein Zeitlimit, jedoch muss der Marathon in einem St\u00fcck abgeschlossen werden.<\/p>\n\n\n\n<p><strong>Strecke<\/strong><br>Der Isarmarathon geht auf Tour und besuchen den Bodensee. In der N\u00e4he von Radolfzell geht es los und dann am See entlang \u00fcber Moos, Iznang, Horn, Hemmenhofen, Wangen nach Stein am Rhein. Dort einige Schleifen in der Altstadt und die gleiche Strecke zur\u00fcck. Die Strecke ist als Donauradweg ab Moos ausgeschildert.<\/p>\n\n\n\n<p>Weitere Informationen werden nachgereicht.<\/p>\n\n\n\n<figure class=\"wp-block-image size-large\"><img loading=\"lazy\" decoding=\"async\" width=\"693\" height=\"672\" src=\"https:\/\/isarmarathon.de\/wp-content\/uploads\/2020\/06\/Bodensee.jpg\" alt=\"\" class=\"wp-image-150\" srcset=\"https:\/\/isarmarathon.de\/wp-content\/uploads\/2020\/06\/Bodensee.jpg 693w, https:\/\/isarmarathon.de\/wp-content\/uploads\/2020\/06\/Bodensee-300x291.jpg 300w\" sizes=\"auto, (max-width: 693px) 100vw, 693px\" \/><\/figure>\n\n\n\n<p>Die Strecke ist gute 45 km lang. GPS\/Stryd vermessen<\/p>\n\n\n\n<p><strong>Start- und Ziel<\/strong>,<strong> Gep\u00e4ckaufbewahrung:<\/strong><br>Alte Aachbr\u00fccke an der L220 westlich von Radolfzell, keine Gep\u00e4ckaufbewahrung.<\/p>\n\n\n\n<p><strong>Anfahrt:<\/strong><br>An der Abfahrt von der L220 steht ein kleiner Parkplatz zur Verf\u00fcgung<\/p>\n\n\n\n<p><strong>Verpflegung:<\/strong><br>Keine Verpflegung durch den Organisator. An der Strecke befinden sich Kioske.<\/p>\n\n\n\n<p><strong>Toiletten\/Duschen:<\/strong><br>An der Strecke gelegentlich WCs. Keine Duschen. Baden im Bodensee m\u00f6glich.<\/p>\n\n\n\n<p><strong>Zeitnahme:<\/strong><br>Selbst\u00e4ndig per Laufuhr. Der GPS-Track dient als Nachweis der Zeit und der Kilometer<\/p>\n\n\n\n<p><strong>Startgeb\u00fchr:<\/strong><br>Keine. Keine Spende.<\/p>\n\n\n\n<p><strong>Anerkennung:<\/strong><br>Urkunde per mail<\/p>\n\n\n\n<p><strong>Teilnehmerlimit:<\/strong><br>mindestens 3, maximal 20 \u2013 Mindestalter 18 Jahre<\/p>\n\n\n\n<p><strong>Anmeldung:<\/strong><br>bis 12 Stunden vor Start; unter Angabe von Vorname, Nachname, Ort und Verein per Mail. Keine Nachmeldungen.<\/p>\n\n\n\n<p><strong>Kontakt\/weitereInformationen:<\/strong><br>kontakt@isarmarathon.de<\/p>\n\n\n\n<p><strong>Haftungsausschl\u00fcsse und notwendige Erkl\u00e4rungen der Teilnehmer:<\/strong><br>1. Der Veranstalter \u00fcbernimmt f\u00fcr Unf\u00e4lle und Verletzungen aller Art sowie Diebstahl oder sonstige Sch\u00e4den keine Haftung. Die Teilnahme erfolgt auf eigenes Risiko.<\/p>\n\n\n\n<p>2. Der Teilnehmer erkl\u00e4rt, dass er die zum Zeitpunkt des Laufs g\u00fcltigen Kontaktbeschr\u00e4nkungen und weitere gesetzlichen Vorgaben im Rahmen der Corona-Pandemie einh\u00e4lt.<\/p>\n\n\n\n<p>3. Der Teilnehmer erkl\u00e4rt, dass er einen f\u00fcr die Absolvierung des Laufs ausreichenden Trainings- und Gesundheitszustand besitzt und mehre Marathons im Jahr l\u00e4uft.&nbsp;Eine medizinische Betreuung wird nicht organisiert.<\/p>\n\n\n\n<p>4.&nbsp;Es gilt die Stra\u00dfenverkehrsordnung. <\/p>\n\n\n\n<p>5. Sollten sich die rechtlichen Rahmenbedingungen (Notverordnung) \u00e4ndern kann der Lauf abgesagt werden.<\/p>\n\n\n\n<p>6. Der Teilnehmer best\u00e4tigt mit seiner Anmeldung, dass er damit einverstanden ist, dass s\u00e4mtliche Fotos und Videos, die im Zusammenhang mit dem Lauf stehen, ohne Verg\u00fctungsanspr\u00fcche genutzt werden d\u00fcrfen .<\/p>\n","protected":false},"excerpt":{"rendered":"<p>Vorbemerkung:Aufgrund der aktuellen Einschr\u00e4nkungen durch die Corona-Pandemie k\u00f6nnen nur 10 Personen teilnehmen. Beim \u00dcberholen von Spazierg\u00e4ngern bitte auf Radfahrer achten, die von hinten kommen. Besonders bei Gegenverkehr. Lieber mal kurz bremsen, ehe es zu eng und auch gef\u00e4hrlich wird. Ergebnis: Volker Wittke, Stahringen: 5:15:41 Judith Strack, M\u00fcnchen: 5:15:42 Andreas Bettingen, M\u00fcnchen: 5:15:50 Datum:Der Lauf findet &hellip; <\/p>\n<p class=\"link-more\"><a href=\"https:\/\/isarmarathon.de\/?page_id=141\" class=\"more-link\"><span class=\"screen-reader-text\">\u201eSamstag, 20.6.2020 Bodensee-Ultra\u201c <\/span>weiterlesen<\/a><\/p>\n","protected":false},"author":1,"featured_media":0,"parent":0,"menu_order":0,"comment_status":"closed","ping_status":"closed","template":"","meta":{"footnotes":""},"class_list":["post-141","page","type-page","status-publish","hentry"],"_links":{"self":[{"href":"https:\/\/isarmarathon.de\/index.php?rest_route=\/wp\/v2\/pages\/141","targetHints":{"allow":["GET"]}}],"collection":[{"href":"https:\/\/isarmarathon.de\/index.php?rest_route=\/wp\/v2\/pages"}],"about":[{"href":"https:\/\/isarmarathon.de\/index.php?rest_route=\/wp\/v2\/types\/page"}],"author":[{"embeddable":true,"href":"https:\/\/isarmarathon.de\/index.php?rest_route=\/wp\/v2\/users\/1"}],"replies":[{"embeddable":true,"href":"https:\/\/isarmarathon.de\/index.php?rest_route=%2Fwp%2Fv2%2Fcomments&post=141"}],"version-history":[{"count":6,"href":"https:\/\/isarmarathon.de\/index.php?rest_route=\/wp\/v2\/pages\/141\/revisions"}],"predecessor-version":[{"id":155,"href":"https:\/\/isarmarathon.de\/index.php?rest_route=\/wp\/v2\/pages\/141\/revisions\/155"}],"wp:attachment":[{"href":"https:\/\/isarmarathon.de\/index.php?rest_route=%2Fwp%2Fv2%2Fmedia&parent=141"}],"curies":[{"name":"wp","href":"https:\/\/api.w.org\/{rel}","templated":true}]}}