{"id":157,"date":"2020-06-23T21:14:41","date_gmt":"2020-06-23T19:14:41","guid":{"rendered":"https:\/\/isarmarathon.de\/?page_id=157"},"modified":"2020-07-12T21:44:50","modified_gmt":"2020-07-12T19:44:50","slug":"samstag-4-7-2020","status":"publish","type":"page","link":"https:\/\/isarmarathon.de\/?page_id=157","title":{"rendered":"Samstag, 4.7.2020"},"content":{"rendered":"\n<p><em><strong>Vorbemerkung:<\/strong><\/em><br>Aufgrund der aktuellen Einschr\u00e4nkungen durch die Corona-Pandemie k\u00f6nnen nur 10 Personen teilnehmen. Beim \u00dcberholen von Spazierg\u00e4ngern bitte auf Radfahrer achten, die von hinten kommen. Besonders bei Gegenverkehr. Lieber mal kurz bremsen, ehe es zu eng und auch gef\u00e4hrlich wird.<\/p>\n\n\n\n<strong>Ergebnisse:<\/strong><ul>\n<li>Judith Strack, M\u00fcnchen, 4:54:20<\/li>\n<li>Andreas Bettingen, 4:55:58<\/li>\n<li>Henry Grohmann, Berlin, 1:59:55 (Halbmarathon)<\/ul>\n\n\n\n<p><strong>Datum:<\/strong><br>Der Lauf findet am Samstag, 4.7.2020 statt.<\/p>\n\n\n\n<p><strong>Startzeit\/Zeitlimit:<\/strong><br>Startzeit ist um 9:00. Kein Zeitlimit, jedoch muss der Marathon in einem St\u00fcck abgeschlossen werden.<\/p>\n\n\n\n<p><strong>Strecke<\/strong><br>Die Strecke f\u00fchrt immer an der Isar entlang. Ein Plan wird noch nachgereicht.<\/p>\n\n\n\n<p>Start an der Muffathalle, dann 8,5 Kilometer nach S\u00fcden bis kurz hinter die Gro\u00dfhesseloher Br\u00fccker, dann zur\u00fcck nach M\u00fcnchen. Von dort nach Norden bis Ismaning und den gleichen Weg zur\u00fcck zum Start\/Ziel. Den L\u00e4uferInnen wird ein GPS-Track, plus Info zur Verf\u00fcgung gestellt. Ein Verlaufen ist wegen der Isarn\u00e4he unm\u00f6glich.<\/p>\n\n\n\n<p>Die Strecke ist durch die Isar-Kilometermarkierung quasi amtlich vermessen und gute 42,3 km lang.<\/p>\n\n\n\n<p><strong>Start- und Ziel<\/strong>,<strong> Gep\u00e4ckaufbewahrung:<\/strong><br>Muffathalle M\u00fcnchen, neben dem Volksbad, keine Gep\u00e4ckaufbewahrung.<\/p>\n\n\n\n<p><strong>Anfahrt:<\/strong><br>Mit der S-Bahn (alle Linien) zur Haltestelle Rosenheimer Platz. Ausgang Gasteig und dann hinunter zur Isar. Rechts vor dem Volksbad zur Muffathalle. Dort an der Isar ist Start und Ziel. Per Auto nur von Osten kommend rechts abbiegen. Dort gibt es einen kleinen Parkplatz.<\/p>\n\n\n\n<p><strong>Verpflegung:<\/strong><br>Keine Verpflegung durch den Organisator. In Pullach gibt es einen Trinkwasserbrunnen und dann am Flaucher im M\u00fcnchen. Danach auf der Innenstadtstrecke mehrere Kioske.Am Ziel befindet sich der Muffatbiergarten.<\/p>\n\n\n\n<p><strong>Toiletten\/Duschen:<\/strong><br>Am Start steht eine Dixi-Toilette zur Verf\u00fcgung. Auf der S\u00fcdrunde unz\u00e4hlige H\u00e4uschen an der Strecke. Auf der Nordrunde viel Natur.<br>Duschen und Baden im Volksbad (zur Zeit geschlossen) oder in der Isar, zur Zeit \u00fcber 13 Grad.<\/p>\n\n\n\n<p><strong>Zeitnahme:<\/strong><br>Selbst\u00e4ndig per Laufuhr. Der GPS-Track dient als Nachweis der Zeit und der Kilometer<\/p>\n\n\n\n<p><strong>Startgeb\u00fchr:<\/strong><br>Keine. keine Spende<\/p>\n\n\n\n<p><strong>Anerkennung:<\/strong><br>Urkunde per mail<\/p>\n\n\n\n<p><strong>Teilnehmerlimit:<\/strong><br>mindestens 3, maximal 20 \u2013 Mindestalter 18 Jahre<\/p>\n\n\n\n<p><strong>Ergebnisliste:<\/strong><br>Hier auf der Seite<\/p>\n\n\n\n<p><strong>Anmeldung:<\/strong><br>bis 12 Stunden vor Start; unter Angabe von Vorname, Nachname, Ort und Verein per Mail. Keine Nachmeldungen.<\/p>\n\n\n\n<p><strong>Kontakt\/weitereInformationen:<\/strong><br>kontakt@isarmarathon.de<\/p>\n\n\n\n<p><strong>Haftungsausschl\u00fcsse und notwendige Erkl\u00e4rungen der Teilnehmer:<\/strong><br>1. Der Veranstalter \u00fcbernimmt f\u00fcr Unf\u00e4lle und Verletzungen aller Art sowie Diebstahl oder sonstige Sch\u00e4den keine Haftung. Die Teilnahme erfolgt auf eigenes Risiko.<\/p>\n\n\n\n<p>2. Der Teilnehmer erkl\u00e4rt, dass er die zum Zeitpunkt des Laufs g\u00fcltigen bayrischen Kontaktbeschr\u00e4nkungen und weitere gesetzlichen Vorgaben im Rahmen der Corona-Pandemie einh\u00e4lt.<\/p>\n\n\n\n<p>3. Der Teilnehmer erkl\u00e4rt, dass er einen f\u00fcr die Absolvierung des Laufs ausreichenden Trainings- und Gesundheitszustand besitzt und mehre Marathons im Jahr l\u00e4uft.&nbsp;Eine medizinische Betreuung wird nicht organisiert.<\/p>\n\n\n\n<p>4.&nbsp;Es gilt die Stra\u00dfenverkehrsordnung. Am Tierpark (Nordrunde) kann eine Stra\u00dfe \u00fcber einen Zebrastreifen \u00fcberquert werden oder unterquert \u00fcber einen stark befahrenen Radweg. Ansonsten handelt es sich um einen Fu\u00df-\/Radweg. Es wird in M\u00fcnchen rechts gelaufen.<\/p>\n\n\n\n<p>5. Sollten sich die rechtlichen Rahmenbedingungen (Notverordnung) \u00e4ndern kann der Lauf abgesagt werden.<\/p>\n\n\n\n<p>6. Der Teilnehmer best\u00e4tigt mit seiner Anmeldung, dass er damit einverstanden ist, dass s\u00e4mtliche Fotos und Videos, die im Zusammenhang mit dem Lauf stehen, ohne Verg\u00fctungsanspr\u00fcche genutzt werden d\u00fcrfen .<\/p>\n","protected":false},"excerpt":{"rendered":"<p>Vorbemerkung:Aufgrund der aktuellen Einschr\u00e4nkungen durch die Corona-Pandemie k\u00f6nnen nur 10 Personen teilnehmen. Beim \u00dcberholen von Spazierg\u00e4ngern bitte auf Radfahrer achten, die von hinten kommen. Besonders bei Gegenverkehr. Lieber mal kurz bremsen, ehe es zu eng und auch gef\u00e4hrlich wird. Ergebnisse: Judith Strack, M\u00fcnchen, 4:54:20 Andreas Bettingen, 4:55:58 Henry Grohmann, Berlin, 1:59:55 (Halbmarathon) Datum:Der Lauf findet &hellip; <\/p>\n<p class=\"link-more\"><a href=\"https:\/\/isarmarathon.de\/?page_id=157\" class=\"more-link\"><span class=\"screen-reader-text\">\u201eSamstag, 4.7.2020\u201c <\/span>weiterlesen<\/a><\/p>\n","protected":false},"author":1,"featured_media":0,"parent":0,"menu_order":0,"comment_status":"closed","ping_status":"closed","template":"","meta":{"footnotes":""},"class_list":["post-157","page","type-page","status-publish","hentry"],"_links":{"self":[{"href":"https:\/\/isarmarathon.de\/index.php?rest_route=\/wp\/v2\/pages\/157","targetHints":{"allow":["GET"]}}],"collection":[{"href":"https:\/\/isarmarathon.de\/index.php?rest_route=\/wp\/v2\/pages"}],"about":[{"href":"https:\/\/isarmarathon.de\/index.php?rest_route=\/wp\/v2\/types\/page"}],"author":[{"embeddable":true,"href":"https:\/\/isarmarathon.de\/index.php?rest_route=\/wp\/v2\/users\/1"}],"replies":[{"embeddable":true,"href":"https:\/\/isarmarathon.de\/index.php?rest_route=%2Fwp%2Fv2%2Fcomments&post=157"}],"version-history":[{"count":4,"href":"https:\/\/isarmarathon.de\/index.php?rest_route=\/wp\/v2\/pages\/157\/revisions"}],"predecessor-version":[{"id":172,"href":"https:\/\/isarmarathon.de\/index.php?rest_route=\/wp\/v2\/pages\/157\/revisions\/172"}],"wp:attachment":[{"href":"https:\/\/isarmarathon.de\/index.php?rest_route=%2Fwp%2Fv2%2Fmedia&parent=157"}],"curies":[{"name":"wp","href":"https:\/\/api.w.org\/{rel}","templated":true}]}}