{"id":196,"date":"2020-07-31T21:15:30","date_gmt":"2020-07-31T19:15:30","guid":{"rendered":"https:\/\/isarmarathon.de\/?page_id=196"},"modified":"2020-09-27T20:54:10","modified_gmt":"2020-09-27T18:54:10","slug":"samstag-26-9-italienerwochenende-auf-der-wiesn","status":"publish","type":"page","link":"https:\/\/isarmarathon.de\/?page_id=196","title":{"rendered":"Samstag, 26.9. Italienerwochenende auf der Wies&#8217;n"},"content":{"rendered":"\n<p>Das Oktoberfest in M\u00fcnchen f\u00e4llt 2020 aus. Wir nutzen die einmalige Chance am sogenannten Italienerwochenende, auf der Wies&#8217;n einen Marathon zu laufen. Fast drei Kilometer ist die Runde auf der Wies&#8217;n lang. Damit es nicht zu monoton wird, h\u00e4ngen wir einen Schlenker in den Westpark das ehemalige Gel\u00e4nde der internationalen Gartenbauausstellung an. V\u00f6llig verkehrsfrei. Wegen der am Samstag stattfindenden Ged\u00e4chtnisfeier zum Oktoberfestattentat 1980 wurde der Lauf in Absprache mit den Teilnehmern auf Sonntag, 27.9. verlegt.<\/p>\n\n\n\n<div class=\"wp-block-group\"><div class=\"wp-block-group__inner-container is-layout-flow wp-block-group-is-layout-flow\">\n<p><strong>Startliste:<\/strong><\/p>\n<\/div><\/div>\n\n\n\n<figure class=\"wp-block-table is-style-stripes\"><table><tbody><tr><td><strong>Platz<\/strong><\/td><td><strong>Name<\/strong><\/td><td><strong>Vorname<\/strong><\/td><td><strong>Verein\/Ort<\/strong><\/td><td><strong>Zeit<\/strong><\/td><\/tr><tr><td>1.<\/td><td>Berger<\/td><td>Charly<\/td><td>team TOMJ<\/td><td>5:19:14<\/td><\/tr><tr><td>2.<\/td><td>Manhard<\/td><td>Bernie<\/td><td>team TOMJ<\/td><td>5:23:04<\/td><\/tr><tr><td>3.<\/td><td>Greppmeir<\/td><td>Andreas<\/td><td>team TOMJ<\/td><td>5:25:28<\/td><\/tr><tr><td>DNS<\/td><td>Bettingen<\/td><td>Andreas<\/td><td>marathon4you.de<\/td><td>&#8211;<\/td><\/tr><tr><td><\/td><td><\/td><td><\/td><td><\/td><td><\/td><\/tr><tr><td><strong>Platz<\/strong><\/td><td><strong>Name<\/strong><\/td><td><strong>Vorname<\/strong><\/td><td><strong>Verein\/Ort<\/strong><\/td><td><strong>Zeit<\/strong><\/td><\/tr><tr><td>1.<\/td><td>Strack<\/td><td>Judith<\/td><td>marathon4you.de<\/td><td>5:09:52<\/td><\/tr><\/tbody><\/table><\/figure>\n\n\n\n<p><strong>Datum:<\/strong><br>Der Lauf findet am Sonntag, 27.9.2020 statt.<\/p>\n\n\n\n<p><strong>Startzeit\/Zeitlimit:<\/strong><br>Startzeit ist um 9:00. Kein Zeitlimit, jedoch muss der Marathon in einem St\u00fcck abgeschlossen werden.<\/p>\n\n\n\n<p><strong>Strecke<\/strong><br>Genauer Plan folgt. Die Runde ist vier mal zur\u00fcckzulegen. Eine kleines Auftaktst\u00fcck ca. 400m gleich nach dem Start. Kreidemarkierungen sind geplant.  Es handelt sich um eine v\u00f6llig private Angelegenheit. Auf Spazierg\u00e4nger und Radler ist R\u00fccksicht zu nehmen.  An manchen Stellen ist es etwas eng. Autoverkehrsfrei. Eine genauere Beschreibung folgt.<\/p>\n\n\n\n<figure class=\"wp-block-image size-large\"><img loading=\"lazy\" decoding=\"async\" width=\"693\" height=\"369\" src=\"https:\/\/isarmarathon.de\/wp-content\/uploads\/2020\/08\/20200926_Oktoberfest.jpg\" alt=\"\" class=\"wp-image-202\" srcset=\"https:\/\/isarmarathon.de\/wp-content\/uploads\/2020\/08\/20200926_Oktoberfest.jpg 693w, https:\/\/isarmarathon.de\/wp-content\/uploads\/2020\/08\/20200926_Oktoberfest-300x160.jpg 300w\" sizes=\"auto, (max-width: 693px) 100vw, 693px\" \/><\/figure>\n\n\n\n<p><strong>Start- und Ziel<\/strong>,<strong> Gep\u00e4ckaufbewahrung:<\/strong><br>Start und Ziel direkt mit Blick auf die Bavaria, Mathias-Pschorr-Str, nahe dem Esperantoplatz, keine Gep\u00e4ckaufbewahrung. <\/p>\n\n\n\n<p><strong>Anfahrt:<\/strong><br>Theresienwiese M\u00fcnchen. U-Bahn 4\/5, Parkpl\u00e4tze vorhanden (evtl. kostenpflichtig)<\/p>\n\n\n\n<p><strong>Verpflegung:<\/strong><br>Keine Verpflegung durch den Organisator.  Vier Runden, Verpflegung kann eventuell am Start\/Ziel hinterlegt werden. Freiwillige gerne gesehen.<\/p>\n\n\n\n<p><strong>Toiletten\/Duschen:<\/strong><br>Am Start gibt es wahrscheinlich keine Toiletten. Im Westpark dann mehrere Dixies.<\/p>\n\n\n\n<p><strong>Zeitnahme:<\/strong><br>Selbst\u00e4ndig per Laufuhr. Der GPS-Track dient als Nachweis der Zeit und der Kilometer<\/p>\n\n\n\n<p><strong>Startgeb\u00fchr:<\/strong><br>Keine, keine Spende<\/p>\n\n\n\n<p><strong>Anerkennung:<\/strong><br>Urkunde per mail, fantastische Medaille<\/p>\n\n\n\n<p><strong>Teilnehmerlimit:<\/strong><br>mindestens 3, maximal 5 (aktuelle Corona-Regel) \u2013 Mindestalter 18 Jahre<\/p>\n\n\n\n<p><strong>Ergebnisliste:<\/strong><br>Hier auf der Seite<\/p>\n\n\n\n<p><strong>Anmeldung:<\/strong><br>Noch nicht. Keine Nachmeldungen.<\/p>\n\n\n\n<p><strong>Kontakt\/weitereInformationen:<\/strong><br>kontakt@isarmarathon.de<\/p>\n\n\n\n<p><strong>Haftungsausschl\u00fcsse und notwendige Erkl\u00e4rungen der Teilnehmer:<\/strong><br>1. Der Veranstalter \u00fcbernimmt f\u00fcr Unf\u00e4lle und Verletzungen aller Art sowie Diebstahl oder sonstige Sch\u00e4den keine Haftung. Die Teilnahme erfolgt auf eigenes Risiko.<\/p>\n\n\n\n<p>2. Der Teilnehmer erkl\u00e4rt, dass er die zum Zeitpunkt des Laufs g\u00fcltigen bayrischen Kontaktbeschr\u00e4nkungen und weitere gesetzlichen Vorgaben im Rahmen der Corona-Pandemie einh\u00e4lt.<\/p>\n\n\n\n<p>3. Der Teilnehmer erkl\u00e4rt, dass er einen f\u00fcr die Absolvierung des Laufs ausreichenden Trainings- und Gesundheitszustand besitzt und mehre Marathons im Jahr l\u00e4uft.&nbsp;Eine medizinische Betreuung wird nicht organisiert.<\/p>\n\n\n\n<p>4.&nbsp;Es gilt die Stra\u00dfenverkehrsordnung. Am Tierpark (Nordrunde) kann eine Stra\u00dfe \u00fcber einen Zebrastreifen \u00fcberquert werden oder unterquert \u00fcber einen stark befahrenen Radweg. Ansonsten handelt es sich um einen Fu\u00df-\/Radweg. Es wird in M\u00fcnchen rechts gelaufen.<\/p>\n\n\n\n<p>5. Sollten sich die rechtlichen Rahmenbedingungen (Notverordnung) \u00e4ndern kann der Lauf abgesagt werden.<\/p>\n\n\n\n<p>6. Der Teilnehmer best\u00e4tigt mit seiner Anmeldung, dass er damit einverstanden ist, dass s\u00e4mtliche Fotos und Videos, die im Zusammenhang mit dem Lauf stehen, ohne Verg\u00fctungsanspr\u00fcche genutzt werden d\u00fcrfen .<\/p>\n","protected":false},"excerpt":{"rendered":"<p>Das Oktoberfest in M\u00fcnchen f\u00e4llt 2020 aus. Wir nutzen die einmalige Chance am sogenannten Italienerwochenende, auf der Wies&#8217;n einen Marathon zu laufen. Fast drei Kilometer ist die Runde auf der Wies&#8217;n lang. Damit es nicht zu monoton wird, h\u00e4ngen wir einen Schlenker in den Westpark das ehemalige Gel\u00e4nde der internationalen Gartenbauausstellung an. V\u00f6llig verkehrsfrei. Wegen &hellip; <\/p>\n<p class=\"link-more\"><a href=\"https:\/\/isarmarathon.de\/?page_id=196\" class=\"more-link\"><span class=\"screen-reader-text\">\u201eSamstag, 26.9. Italienerwochenende auf der Wies&#8217;n\u201c <\/span>weiterlesen<\/a><\/p>\n","protected":false},"author":1,"featured_media":244,"parent":0,"menu_order":0,"comment_status":"closed","ping_status":"closed","template":"","meta":{"footnotes":""},"class_list":["post-196","page","type-page","status-publish","has-post-thumbnail","hentry"],"_links":{"self":[{"href":"https:\/\/isarmarathon.de\/index.php?rest_route=\/wp\/v2\/pages\/196","targetHints":{"allow":["GET"]}}],"collection":[{"href":"https:\/\/isarmarathon.de\/index.php?rest_route=\/wp\/v2\/pages"}],"about":[{"href":"https:\/\/isarmarathon.de\/index.php?rest_route=\/wp\/v2\/types\/page"}],"author":[{"embeddable":true,"href":"https:\/\/isarmarathon.de\/index.php?rest_route=\/wp\/v2\/users\/1"}],"replies":[{"embeddable":true,"href":"https:\/\/isarmarathon.de\/index.php?rest_route=%2Fwp%2Fv2%2Fcomments&post=196"}],"version-history":[{"count":7,"href":"https:\/\/isarmarathon.de\/index.php?rest_route=\/wp\/v2\/pages\/196\/revisions"}],"predecessor-version":[{"id":245,"href":"https:\/\/isarmarathon.de\/index.php?rest_route=\/wp\/v2\/pages\/196\/revisions\/245"}],"wp:featuredmedia":[{"embeddable":true,"href":"https:\/\/isarmarathon.de\/index.php?rest_route=\/wp\/v2\/media\/244"}],"wp:attachment":[{"href":"https:\/\/isarmarathon.de\/index.php?rest_route=%2Fwp%2Fv2%2Fmedia&parent=196"}],"curies":[{"name":"wp","href":"https:\/\/api.w.org\/{rel}","templated":true}]}}