{"id":258,"date":"2020-12-14T22:00:22","date_gmt":"2020-12-14T20:00:22","guid":{"rendered":"https:\/\/isarmarathon.de\/?page_id=258"},"modified":"2020-12-19T19:53:18","modified_gmt":"2020-12-19T17:53:18","slug":"im-deisenhofener-forst-samstag-19-12-2020","status":"publish","type":"page","link":"https:\/\/isarmarathon.de\/?page_id=258","title":{"rendered":"Im Perlacher Forst, Samstag, 19.12.2020"},"content":{"rendered":"\n<p>Ein sch\u00f6ner Lauf liegt hinter uns. Drei Grad minus am Start und dann nach f\u00fcnf Kilometern aus dem nebeligen Wetter in die etwas w\u00e4rmere Herbstsonne. Bei der zweiten Runde war es am Ziel dann eher noch tr\u00fcber.<\/p>\n\n\n\n<p><strong>\u00dcberblick<\/strong><br>Wir starten am Bahn\u00fcbergang bei der Unterhachinger Stra\u00dfe nahe dem Bahnhof Perlach. Von dort geht es Richtung Perlacher Forst und dann immer geradeaus bis nach Deisenhofen. Den gleichen Weg zur\u00fcck.<\/p>\n\n\n\n<p><strong>Corona<\/strong><\/p>\n\n\n\n<p>Die aktuellen Corona Regeln sind zu befolgen. Wir werden versetzt starten und uns eventuell am Wendepunkt sehen.<\/p>\n\n\n\n<p><strong>Ergebnisse Marathon:<\/strong><\/p>\n\n\n\n<figure class=\"wp-block-table is-style-stripes\"><table><tbody><tr><td><strong>Nr<\/strong><\/td><td><strong>Name<\/strong><\/td><td><strong>Vorname<\/strong><\/td><td><strong>Verein\/Ort<\/strong><\/td><td><strong>Zeit<\/strong><\/td><\/tr><tr><td>1. w<\/td><td>Strack<\/td><td>Judith<\/td><td>M\u00fcnchen<\/td><td>4:52:11<\/td><\/tr><tr><td>1.<\/td><td>Bettingen<\/td><td>Andreas<\/td><td>M\u00fcnchen<\/td><td>4:52:11<\/td><\/tr><\/tbody><\/table><\/figure>\n\n\n\n<p><strong>Ergebnisse Halbmarathon:<\/strong><\/p>\n\n\n\n<figure class=\"wp-block-table is-style-stripes\"><table><tbody><tr><td><strong>Nr<\/strong><\/td><td><strong>Name<\/strong><\/td><td><strong>Vorname<\/strong><\/td><td><strong>Verein\/Ort<\/strong><\/td><td><strong>Zeit<\/strong><\/td><\/tr><tr><td>1.<\/td><td>Culverhouse<\/td><td>Hugh<\/td><td>M\u00fcnchen<\/td><td>2:16:00<\/td><\/tr><\/tbody><\/table><\/figure>\n\n\n\n<p><strong>Datum:<\/strong><br>Der Lauf findet am Samstag, 19.12.2020 statt.<\/p>\n\n\n\n<p><strong>Startzeit\/Zeitlimit:<\/strong><br>Startzeit ist zwischen 9:00 und 11:00. Kein Zeitlimit, jedoch muss der Marathon in einem St\u00fcck abgeschlossen werden.<\/p>\n\n\n\n<p><strong>Strecke<\/strong><br>Eine genaue Streckenbeschreibung folgt.<\/p>\n\n\n\n<figure class=\"wp-block-image size-large\"><img loading=\"lazy\" decoding=\"async\" width=\"226\" height=\"413\" src=\"https:\/\/isarmarathon.de\/wp-content\/uploads\/2020\/12\/20201219_HM_ges.jpg\" alt=\"\" class=\"wp-image-259\" srcset=\"https:\/\/isarmarathon.de\/wp-content\/uploads\/2020\/12\/20201219_HM_ges.jpg 226w, https:\/\/isarmarathon.de\/wp-content\/uploads\/2020\/12\/20201219_HM_ges-164x300.jpg 164w\" sizes=\"auto, (max-width: 226px) 100vw, 226px\" \/><figcaption>Gesamtstrecke<\/figcaption><\/figure>\n\n\n\n<figure class=\"wp-block-image size-large\"><img loading=\"lazy\" decoding=\"async\" width=\"644\" height=\"272\" src=\"https:\/\/isarmarathon.de\/wp-content\/uploads\/2020\/12\/20201219_HM_Start.jpg\" alt=\"\" class=\"wp-image-260\" srcset=\"https:\/\/isarmarathon.de\/wp-content\/uploads\/2020\/12\/20201219_HM_Start.jpg 644w, https:\/\/isarmarathon.de\/wp-content\/uploads\/2020\/12\/20201219_HM_Start-300x127.jpg 300w\" sizes=\"auto, (max-width: 644px) 100vw, 644px\" \/><figcaption>Start<\/figcaption><\/figure>\n\n\n\n<figure class=\"wp-block-image size-large\"><img loading=\"lazy\" decoding=\"async\" width=\"217\" height=\"403\" src=\"https:\/\/isarmarathon.de\/wp-content\/uploads\/2020\/12\/20201219_HM_Ende.jpg\" alt=\"\" class=\"wp-image-261\" srcset=\"https:\/\/isarmarathon.de\/wp-content\/uploads\/2020\/12\/20201219_HM_Ende.jpg 217w, https:\/\/isarmarathon.de\/wp-content\/uploads\/2020\/12\/20201219_HM_Ende-162x300.jpg 162w\" sizes=\"auto, (max-width: 217px) 100vw, 217px\" \/><figcaption>Wende in Deisenhofen<\/figcaption><\/figure>\n\n\n\n<p>Copyright Google, Kartendaten 2020 GeoBasis-DE\/BKG<\/p>\n\n\n\n<p><strong>Start- und Ziel<\/strong>,<strong> Gep\u00e4ckaufbewahrung:<\/strong><br>Bahn\u00fcbergang Unterhachinger Stra\u00dfe in Perlach,, an der Autoabsperrung auf dem Radweg Richtung Westen. Keine Gep\u00e4ckaufbewahrung.<\/p>\n\n\n\n<p><strong>Anfahrt:<\/strong><br>Mit der S-Bahn zur Haltestelle Perlach. Zu Fu\u00df an der Bahn entlang. Mit dem Auto \u00fcber den Bahn\u00fcbergang. Danach gibt es einen kleinen Parkplatz.<\/p>\n\n\n\n<p><strong>Verpflegung:<\/strong><br>Keine Verpflegung durch den Organisator. Bei km 10 in Deisenhofen gibt es Gesch\u00e4fte an der Laufstrecke.<\/p>\n\n\n\n<p><strong>Toiletten\/Duschen:<\/strong><br>Leider keine.<\/p>\n\n\n\n<p><strong>Zeitnahme:<\/strong><br>Selbst\u00e4ndig per Laufuhr. Der GPS-Track dient als Nachweis der Zeit und der Kilometer<\/p>\n\n\n\n<p><strong>Startgeb\u00fchr:<\/strong><br>Keine. keine Spende<\/p>\n\n\n\n<p><strong>Anerkennung:<\/strong><br>Urkunde per mail<\/p>\n\n\n\n<p><strong>Teilnehmerlimit:<\/strong><br>mindestens 3, maximal 20 \u2013 Mindestalter 18 Jahre<\/p>\n\n\n\n<p><strong>Ergebnisliste:<\/strong><br>Hier auf der Seite<\/p>\n\n\n\n<p><strong>Anmeldung:<\/strong><br>bis 12 Stunden vor Start; unter Angabe von Vorname, Nachname, Ort und Verein per Mail. Keine Nachmeldungen.<\/p>\n\n\n\n<p><strong>Kontakt\/weitereInformationen:<\/strong><br>kontakt@isarmarathon.de<\/p>\n\n\n\n<p><strong>Haftungsausschl\u00fcsse und notwendige Erkl\u00e4rungen der Teilnehmer:<\/strong><br>1. Der Veranstalter \u00fcbernimmt f\u00fcr Unf\u00e4lle und Verletzungen aller Art sowie Diebstahl oder sonstige Sch\u00e4den keine Haftung. Die Teilnahme erfolgt auf eigenes Risiko.<\/p>\n\n\n\n<p>2. Der Teilnehmer erkl\u00e4rt, dass er die zum Zeitpunkt des Laufs g\u00fcltigen bayrischen Kontaktbeschr\u00e4nkungen und weitere gesetzlichen Vorgaben im Rahmen der Corona-Pandemie einh\u00e4lt.<\/p>\n\n\n\n<p>3. Der Teilnehmer erkl\u00e4rt, dass er einen f\u00fcr die Absolvierung des Laufs ausreichenden Trainings- und Gesundheitszustand besitzt und mehre Marathons im Jahr l\u00e4uft.&nbsp;Eine medizinische Betreuung wird nicht organisiert.<\/p>\n\n\n\n<p>4.&nbsp;Es gilt die Stra\u00dfenverkehrsordnung. Am Tierpark (Nordrunde) kann eine Stra\u00dfe \u00fcber einen Zebrastreifen \u00fcberquert werden oder unterquert \u00fcber einen stark befahrenen Radweg. Ansonsten handelt es sich um einen Fu\u00df-\/Radweg. Es wird in M\u00fcnchen rechts gelaufen.<\/p>\n\n\n\n<p>5. Sollten sich die rechtlichen Rahmenbedingungen (Notverordnung) \u00e4ndern kann der Lauf abgesagt werden.<\/p>\n\n\n\n<p>6. Der Teilnehmer best\u00e4tigt mit seiner Anmeldung, dass er damit einverstanden ist, dass s\u00e4mtliche Fotos und Videos, die im Zusammenhang mit dem Lauf stehen, ohne Verg\u00fctungsanspr\u00fcche genutzt werden d\u00fcrfen .<\/p>\n","protected":false},"excerpt":{"rendered":"<p>Ein sch\u00f6ner Lauf liegt hinter uns. Drei Grad minus am Start und dann nach f\u00fcnf Kilometern aus dem nebeligen Wetter in die etwas w\u00e4rmere Herbstsonne. Bei der zweiten Runde war es am Ziel dann eher noch tr\u00fcber. \u00dcberblickWir starten am Bahn\u00fcbergang bei der Unterhachinger Stra\u00dfe nahe dem Bahnhof Perlach. Von dort geht es Richtung Perlacher &hellip; <\/p>\n<p class=\"link-more\"><a href=\"https:\/\/isarmarathon.de\/?page_id=258\" class=\"more-link\"><span class=\"screen-reader-text\">\u201eIm Perlacher Forst, Samstag, 19.12.2020\u201c <\/span>weiterlesen<\/a><\/p>\n","protected":false},"author":1,"featured_media":265,"parent":0,"menu_order":0,"comment_status":"closed","ping_status":"closed","template":"","meta":{"footnotes":""},"class_list":["post-258","page","type-page","status-publish","has-post-thumbnail","hentry"],"_links":{"self":[{"href":"https:\/\/isarmarathon.de\/index.php?rest_route=\/wp\/v2\/pages\/258","targetHints":{"allow":["GET"]}}],"collection":[{"href":"https:\/\/isarmarathon.de\/index.php?rest_route=\/wp\/v2\/pages"}],"about":[{"href":"https:\/\/isarmarathon.de\/index.php?rest_route=\/wp\/v2\/types\/page"}],"author":[{"embeddable":true,"href":"https:\/\/isarmarathon.de\/index.php?rest_route=\/wp\/v2\/users\/1"}],"replies":[{"embeddable":true,"href":"https:\/\/isarmarathon.de\/index.php?rest_route=%2Fwp%2Fv2%2Fcomments&post=258"}],"version-history":[{"count":3,"href":"https:\/\/isarmarathon.de\/index.php?rest_route=\/wp\/v2\/pages\/258\/revisions"}],"predecessor-version":[{"id":266,"href":"https:\/\/isarmarathon.de\/index.php?rest_route=\/wp\/v2\/pages\/258\/revisions\/266"}],"wp:featuredmedia":[{"embeddable":true,"href":"https:\/\/isarmarathon.de\/index.php?rest_route=\/wp\/v2\/media\/265"}],"wp:attachment":[{"href":"https:\/\/isarmarathon.de\/index.php?rest_route=%2Fwp%2Fv2%2Fmedia&parent=258"}],"curies":[{"name":"wp","href":"https:\/\/api.w.org\/{rel}","templated":true}]}}