{"id":270,"date":"2020-12-29T18:30:57","date_gmt":"2020-12-29T16:30:57","guid":{"rendered":"https:\/\/isarmarathon.de\/?page_id=270"},"modified":"2021-01-02T22:38:18","modified_gmt":"2021-01-02T20:38:18","slug":"isar-sued-samstag-2-1-2021","status":"publish","type":"page","link":"https:\/\/isarmarathon.de\/?page_id=270","title":{"rendered":"Isar-S\u00fcd, Samstag, 2.1.2021"},"content":{"rendered":"\n<p><br>Ein sch\u00f6ner Lauf leider bei tr\u00fcbem Winterwetter. Christian und Sepp laufen Streckenbestzeit und zweitbeste Zeit.<\/p>\n\n\n\n<p>Berichte von einem Vorg\u00e4ngerlauf gibt es <a rel=\"noreferrer noopener\" href=\"https:\/\/team-tomj.de\/berichte\/2020\/berichte_20-08_isar.html\" target=\"_blank\">hier<\/a>, <a rel=\"noreferrer noopener\" href=\"https:\/\/team-tomj.de\/berichte\/2020\/berichte_20-06_isar_B.html\" target=\"_blank\">hier <\/a>und <a rel=\"noreferrer noopener\" href=\"https:\/\/team-tomj.de\/berichte\/2020\/berichte_20-06_isar_A.html\" target=\"_blank\">hier<\/a>.<\/p>\n\n\n\n<p><strong>Ergebnisliste:<\/strong><\/p>\n\n\n\n<figure class=\"wp-block-table is-style-stripes\"><table><tbody><tr><td><strong>Nr<\/strong><\/td><td><strong>Name<\/strong><\/td><td><strong>Vorname<\/strong><\/td><td><strong>Verein\/Ort<\/strong><\/td><td><strong>Zeit<\/strong><\/td><\/tr><tr><td>W 1.<\/td><td>Strack<\/td><td>Judith<\/td><td>M\u00fcnchen<\/td><td>5:07:29<\/td><\/tr><tr><td>1.<\/td><td>Barth<\/td><td>Christian<\/td><td>M\u00fchldorf am Inn<\/td><td>3:58:18 Streckenbestzeit<\/td><\/tr><tr><td>2.<\/td><td>Hell<\/td><td>Josef<\/td><td>M\u00fchldorf am Inn<\/td><td>4:29:08 zweitschnellste Streckenzeit<\/td><\/tr><tr><td>3.<\/td><td>Bettingen<\/td><td> Andreas<\/td><td>M\u00fcnchen<\/td><td>5:07:29<\/td><\/tr><\/tbody><\/table><\/figure>\n\n\n\n<p><strong>Datum:<\/strong><br>Der Lauf findet  am Samstag, 2.1.2020 statt.<\/p>\n\n\n\n<p><strong>Startzeit\/Zeitlimit:<\/strong><br>Startzeit ist zwischen 7:30 und 11:00. Kein Zeitlimit, jedoch muss der Marathon in einem St\u00fcck abgeschlossen werden. Dunkelheit ab 17:00.<\/p>\n\n\n\n<p><strong>Strecke<\/strong><br>Die Strecke f\u00fchrt meist an der Isar entlang oder durch sch\u00f6ne Wohnviertel.<\/p>\n\n\n\n<p>Start an der Muffathalle, dann 16 Kilometer nach S\u00fcden bis kurz hinter dem Georgenstein. Hinauf nach Buchenhain und \u00fcber Pullach und die Gro\u00dfhesseloher Br\u00fccker zur\u00fcck nach M\u00fcnchen. \u00dcber die alte Isartalbahnstrecke nach Thalkirchen und dann auf der westlichen Seite bis zur John F. Kennedy Br\u00fccke. Von dort zur\u00fcck zum Start\/Ziel. Den L\u00e4uferInnen wird ein GPS-Track, plus Info zur Verf\u00fcgung gestellt. Auch bei einem Verlaufen m\u00fcsste anhand der Isar der Laufweg wiedergefunden werden. Die Strecke kreuzt am Ende sieben ampelgesicherte Stra\u00dfen. Hier ist auf die StVo zu achten. Schnelle L\u00f6ufer haben die M\u00f6glichkeit den n\u00f6rdlichen Teil ab der Wittelsbacherbr\u00fccke (Baldeplatz) auf der Isar-Ostseite zu laufen. Dadurch sind es nur noch zwei Ampeln an der Baustelle Max-Josephs-Br\u00fccke und man kommt an der Muffathalle vorbei.<\/p>\n\n\n\n<p>Die Strecke ist durch die Isar-Kilometermarkierung quasi amtlich vermessen und gute 42,3 km lang.<\/p>\n\n\n\n<p><strong>Start- und Ziel<\/strong>,<strong> Gep\u00e4ckaufbewahrung:<\/strong><br>Muffathalle M\u00fcnchen, neben dem Volksbad, keine Gep\u00e4ckaufbewahrung. Nach Absprache kann auch an anderer Stelle des Rundkurses gestarten und gefinished werden.<\/p>\n\n\n\n<p><strong>Anfahrt:<\/strong><br>Mit der S-Bahn (alle Linien) zur Haltestelle Rosenheimer Platz. Ausgang Gasteig und dann hinunter zur Isar. Rechts vor dem Volksbad zur Muffathalle. Dort an der Isar ist Start und Ziel. Per Auto nur von Osten kommend rechts abbiegen. Dort gibt es einen kleinen Parkplatz.<\/p>\n\n\n\n<p><strong>Verpflegung:<\/strong><br>Keine Verpflegung durch den Organisator. In Pullach gibt es einige B\u00e4cker und Cafes, einen Trinkwasserbrunnen (zur Zeit abgestellt) und dann am Flaucher im M\u00fcnchen (auch abgestellt). Danach auf der Innenstadtstrecke mehrere Kioske. Am Ziel befindet sich der Muffatbiergarten (geschlossen).<\/p>\n\n\n\n<p><strong>Toiletten\/Duschen:<\/strong><br>Am Start steht eine Dixi-Toilette zur Verf\u00fcgung. Auf der S\u00fcdrunde unz\u00e4hlige H\u00e4uschen an der Strecke. Auf der Nordrunde viel Natur.<br>Duschen und Baden im Volksbad (zur Zeit geschlossen) oder in der Isar, zur Zeit \u00fcber 6 Grad.<\/p>\n\n\n\n<p><strong>Zeitnahme:<\/strong><br>Selbst\u00e4ndig per Laufuhr. Der GPS-Track dient als Nachweis der Zeit und der Kilometer<\/p>\n\n\n\n<p><strong>Startgeb\u00fchr:<\/strong><br>Keine. keine Spende<\/p>\n\n\n\n<p><strong>Anerkennung:<\/strong><br>Urkunde per mail<\/p>\n\n\n\n<p><strong>Teilnehmerlimit:<\/strong><br>mindestens 3  \u2013 Mindestalter 18 Jahre<\/p>\n\n\n\n<p><strong>Ergebnisliste:<\/strong><br>Hier auf der Seite<\/p>\n\n\n\n<p><strong>Anmeldung:<\/strong><br>bis 12 Stunden vor Start; unter Angabe von Vorname, Nachname, Ort und Verein per Mail. Keine Nachmeldungen.<\/p>\n\n\n\n<p><strong>Kontakt\/weitereInformationen:<\/strong><br>kontakt@isarmarathon.de<\/p>\n\n\n\n<p><strong>Haftungsausschl\u00fcsse und notwendige Erkl\u00e4rungen der Teilnehmer:<\/strong><br>1. Der Veranstalter \u00fcbernimmt f\u00fcr Unf\u00e4lle und Verletzungen aller Art sowie Diebstahl oder sonstige Sch\u00e4den keine Haftung. Die Teilnahme erfolgt auf eigenes Risiko.<\/p>\n\n\n\n<p>2. Der Teilnehmer erkl\u00e4rt, dass er die zum Zeitpunkt des Laufs g\u00fcltigen bayrischen Kontaktbeschr\u00e4nkungen und weitere gesetzlichen Vorgaben im Rahmen der Corona-Pandemie einh\u00e4lt.<\/p>\n\n\n\n<p>3. Der Teilnehmer erkl\u00e4rt, dass er einen f\u00fcr die Absolvierung des Laufs ausreichenden Trainings- und Gesundheitszustand besitzt und mehre Marathons im Jahr l\u00e4uft.&nbsp;Eine medizinische Betreuung wird nicht organisiert.<\/p>\n\n\n\n<p>4.&nbsp;Es gilt die Stra\u00dfenverkehrsordnung. Am Tierpark (Nordrunde) kann eine Stra\u00dfe \u00fcber einen Zebrastreifen \u00fcberquert werden oder unterquert \u00fcber einen stark befahrenen Radweg. Ansonsten handelt es sich um einen Fu\u00df-\/Radweg. Es wird in M\u00fcnchen rechts gelaufen.<\/p>\n\n\n\n<p>5. Sollten sich die rechtlichen Rahmenbedingungen (Notverordnung) \u00e4ndern kann der Lauf abgesagt werden.<\/p>\n\n\n\n<p>6. Der Teilnehmer best\u00e4tigt mit seiner Anmeldung, dass er damit einverstanden ist, dass s\u00e4mtliche Fotos und Videos, die im Zusammenhang mit dem Lauf stehen, ohne Verg\u00fctungsanspr\u00fcche genutzt werden d\u00fcrfen .<\/p>\n","protected":false},"excerpt":{"rendered":"<p>Ein sch\u00f6ner Lauf leider bei tr\u00fcbem Winterwetter. Christian und Sepp laufen Streckenbestzeit und zweitbeste Zeit. Berichte von einem Vorg\u00e4ngerlauf gibt es hier, hier und hier. Ergebnisliste: Nr Name Vorname Verein\/Ort Zeit W 1. Strack Judith M\u00fcnchen 5:07:29 1. Barth Christian M\u00fchldorf am Inn 3:58:18 Streckenbestzeit 2. Hell Josef M\u00fchldorf am Inn 4:29:08 zweitschnellste Streckenzeit 3. &hellip; <\/p>\n<p class=\"link-more\"><a href=\"https:\/\/isarmarathon.de\/?page_id=270\" class=\"more-link\"><span class=\"screen-reader-text\">\u201eIsar-S\u00fcd, Samstag, 2.1.2021\u201c <\/span>weiterlesen<\/a><\/p>\n","protected":false},"author":1,"featured_media":281,"parent":0,"menu_order":0,"comment_status":"closed","ping_status":"closed","template":"","meta":{"footnotes":""},"class_list":["post-270","page","type-page","status-publish","has-post-thumbnail","hentry"],"_links":{"self":[{"href":"https:\/\/isarmarathon.de\/index.php?rest_route=\/wp\/v2\/pages\/270","targetHints":{"allow":["GET"]}}],"collection":[{"href":"https:\/\/isarmarathon.de\/index.php?rest_route=\/wp\/v2\/pages"}],"about":[{"href":"https:\/\/isarmarathon.de\/index.php?rest_route=\/wp\/v2\/types\/page"}],"author":[{"embeddable":true,"href":"https:\/\/isarmarathon.de\/index.php?rest_route=\/wp\/v2\/users\/1"}],"replies":[{"embeddable":true,"href":"https:\/\/isarmarathon.de\/index.php?rest_route=%2Fwp%2Fv2%2Fcomments&post=270"}],"version-history":[{"count":5,"href":"https:\/\/isarmarathon.de\/index.php?rest_route=\/wp\/v2\/pages\/270\/revisions"}],"predecessor-version":[{"id":280,"href":"https:\/\/isarmarathon.de\/index.php?rest_route=\/wp\/v2\/pages\/270\/revisions\/280"}],"wp:featuredmedia":[{"embeddable":true,"href":"https:\/\/isarmarathon.de\/index.php?rest_route=\/wp\/v2\/media\/281"}],"wp:attachment":[{"href":"https:\/\/isarmarathon.de\/index.php?rest_route=%2Fwp%2Fv2%2Fmedia&parent=270"}],"curies":[{"name":"wp","href":"https:\/\/api.w.org\/{rel}","templated":true}]}}