{"id":29,"date":"2020-05-09T16:23:27","date_gmt":"2020-05-09T16:23:27","guid":{"rendered":"http:\/\/isarmarathon.de\/?page_id=29"},"modified":"2023-02-12T18:03:04","modified_gmt":"2023-02-12T16:03:04","slug":"historie","status":"publish","type":"page","link":"https:\/\/isarmarathon.de\/?page_id=29","title":{"rendered":"Historie"},"content":{"rendered":"\n<p>Begonnen hat es mit den Ausgangsbeschr\u00e4nkungen und drei virtuellen Marathons entlang der Isar.  Vom M\u00fcnchner Zentrum nach S\u00fcden bis zum Georgenstein und im Norden bis hinter die Garchinger Forschungsinstitute.<\/p>\n\n\n\n<p><strong>Bitte den Men\u00fcpunkt Historie 2021\/2022 anklicken!<\/strong><br>Auf Mobilger\u00e4ten dann rechts den Pfeil nach unten anklicken.<\/p>\n","protected":false},"excerpt":{"rendered":"<p>Begonnen hat es mit den Ausgangsbeschr\u00e4nkungen und drei virtuellen Marathons entlang der Isar. Vom M\u00fcnchner Zentrum nach S\u00fcden bis zum Georgenstein und im Norden bis hinter die Garchinger Forschungsinstitute. Bitte den Men\u00fcpunkt Historie 2021\/2022 anklicken!Auf Mobilger\u00e4ten dann rechts den Pfeil nach unten anklicken.<\/p>\n","protected":false},"author":1,"featured_media":0,"parent":0,"menu_order":0,"comment_status":"closed","ping_status":"closed","template":"","meta":{"footnotes":""},"class_list":["post-29","page","type-page","status-publish","hentry"],"_links":{"self":[{"href":"https:\/\/isarmarathon.de\/index.php?rest_route=\/wp\/v2\/pages\/29","targetHints":{"allow":["GET"]}}],"collection":[{"href":"https:\/\/isarmarathon.de\/index.php?rest_route=\/wp\/v2\/pages"}],"about":[{"href":"https:\/\/isarmarathon.de\/index.php?rest_route=\/wp\/v2\/types\/page"}],"author":[{"embeddable":true,"href":"https:\/\/isarmarathon.de\/index.php?rest_route=\/wp\/v2\/users\/1"}],"replies":[{"embeddable":true,"href":"https:\/\/isarmarathon.de\/index.php?rest_route=%2Fwp%2Fv2%2Fcomments&post=29"}],"version-history":[{"count":7,"href":"https:\/\/isarmarathon.de\/index.php?rest_route=\/wp\/v2\/pages\/29\/revisions"}],"predecessor-version":[{"id":545,"href":"https:\/\/isarmarathon.de\/index.php?rest_route=\/wp\/v2\/pages\/29\/revisions\/545"}],"wp:attachment":[{"href":"https:\/\/isarmarathon.de\/index.php?rest_route=%2Fwp%2Fv2%2Fmedia&parent=29"}],"curies":[{"name":"wp","href":"https:\/\/api.w.org\/{rel}","templated":true}]}}