{"id":371,"date":"2021-05-16T10:28:31","date_gmt":"2021-05-16T08:28:31","guid":{"rendered":"https:\/\/isarmarathon.de\/?page_id=371"},"modified":"2021-05-22T22:10:43","modified_gmt":"2021-05-22T20:10:43","slug":"1-isar-speichersee-marathon-samstag-15-5-2021-2","status":"publish","type":"page","link":"https:\/\/isarmarathon.de\/?page_id=371","title":{"rendered":"1. Isar-Speichersee Marathon, Samstag, 15.5.2021"},"content":{"rendered":"\n<p>Ein Lauf um den Ismaninger Speichersee, der Isar und dem Mittleren Isarkanal.<\/p>\n\n\n\n<p><a href=\"https:\/\/www.team-tomj.de\/berichte\/2021\/berichte_21-05_Isar-Speichersee_B.html\">Hier der Bericht von Andreas Greppmeir.<\/a><\/p>\n\n\n\n<p><a href=\"http:\/\/marathon.pitsch-aktiv.de\">Hier der Bericht von Udo Pitsch.<\/a><\/p>\n\n\n\n<figure class=\"wp-block-image size-large\"><img loading=\"lazy\" decoding=\"async\" width=\"1024\" height=\"473\" src=\"https:\/\/isarmarathon.de\/wp-content\/uploads\/2021\/05\/20210505_Gesamt-1024x473.png\" alt=\"\" class=\"wp-image-357\" srcset=\"https:\/\/isarmarathon.de\/wp-content\/uploads\/2021\/05\/20210505_Gesamt-1024x473.png 1024w, https:\/\/isarmarathon.de\/wp-content\/uploads\/2021\/05\/20210505_Gesamt-300x139.png 300w, https:\/\/isarmarathon.de\/wp-content\/uploads\/2021\/05\/20210505_Gesamt-768x355.png 768w, https:\/\/isarmarathon.de\/wp-content\/uploads\/2021\/05\/20210505_Gesamt.png 1472w\" sizes=\"auto, (max-width: 767px) 89vw, (max-width: 1000px) 54vw, (max-width: 1071px) 543px, 580px\" \/><\/figure>\n\n\n\n<p><strong>Ergebnisse:<\/strong><\/p>\n\n\n\n<figure class=\"wp-block-table is-style-stripes\"><table><tbody><tr><td><strong>Platz<\/strong><\/td><td><strong>Name<\/strong><\/td><td><strong>Vorname<\/strong><\/td><td><strong>Ort\/Verein<\/strong><\/td><td><strong>Zeit<\/strong><\/td><\/tr>\n<tr><td>W 1<\/td><td>Strack<\/td><td>Judith<\/td><td>M\u00fcnchen<\/td><td>5:19:29<\/td><\/tr>\n<tr><td>1<\/td><td>Pitsch<\/td><td>Udo<\/td><td>Wehringen, TG Viktoria <\/td><td>4:40:50<\/td><\/tr>\n<tr><td>2<\/td><td>Klinger<\/td><td>Thomas<\/td><td>M\u00fcnchen, RC Abschnitt Mitte<\/td><td>4:43:31<\/td><\/tr>\n\n<tr><td>3<\/td><td>Berger<\/td><td>Charly<\/td><td>Friedberg, Team TOMJ<\/td><td>5:05:10<\/td><\/tr>\n<tr><td>4<\/td><td>Manhard<\/td><td>Bernie<\/td><td>Kissing,Team TOMJ<\/td><td>5:07:34<\/td><\/tr>\n<tr><td>5<\/td><td>Bettingen<\/td><td>Andreas<\/td><td>M\u00fcnchen<\/td><td>5:17:48<\/td>\n<\/tr><tr><td>6<\/td><td>Greppmeir<\/td><td>Andreas<\/td><td>Mering,Team TOMJ <\/td><td>5:44:30<\/td><\/tr><\/tbody><\/table><\/figure>\n\n\n\n<p><strong>Datum:<\/strong><br>Der Lauf fand  am Samstag, 15.5.2020 statt.<\/p>\n\n\n\n<p><strong>Strecke<\/strong><br>Dieser Marathon besteht aus zwei Teilen: Entlang des Ismaninger Speichersees und dem Mittleren Isarkanals. Und einem St\u00fcck an der Isar.<\/p>\n\n\n\n<p>Die Strecke ist durch mehrere L\u00e4ufe mit unterschiedlichen Laufuhren vermessen und ist 42,3 km lang. F\u00fcr die Teilnehmer gibt es eine Beschreibung und GPX-Streckendatei.<\/p>\n\n\n\n<p><strong>Start- und Ziel<\/strong>,<strong> Gep\u00e4ckaufbewahrung:<\/strong><br>Start und Ziel liegen am westlichen Ismaninger Speichersee und dort am Parklatz unterhalb des B471 Parkplatzes an der Stra\u00dfe zur BMW Teststrecke.<br>Keine Gep\u00e4ckaufbewahrung, Bei km 19 kommt man noch mal am Start vorbei.<br>Nach Absprache kann auch an anderer Stelle des Rundkurses gestarten und gefinished werden.<\/p>\n\n\n\n<p><strong>Anfahrt:<\/strong><br>A99 Ausfahrt Aschheim\/Ismaning Nr. 14, Richtung Ismaning. Es gibt einen kleinen Rastplatz direkt an der B471. 200 Meter weiter kann man Abfahren und kommt \u00fcber ein Parallelstr\u00e4\u00dfchen zu einem weiteren Parkplatz unterhalb des <br>Keine \u00f6ffentlichen Verkehrsmittel. Bei Bedarf kann ein ein g\u00fcnstiger gelegener Startplatz vereinbart werden.<\/p>\n\n\n\n<p><strong>Verpflegung:<\/strong><br>Keine Verpflegung durch den Organisator. Auf der Isar-Runde keine Kioske direkt an der Stecke, jedoch mit 50-100 Metern Umweg.<br>Bei Km 19 kommt man wieder am Start vorbei.<br>Auf der Seerunde mehrere Gesch\u00e4fte und B\u00e4ckerei in Neu-Finsing.<\/p>\n\n\n\n<p><strong>Toiletten\/Duschen:<\/strong><br>Keine Toiletten. Jedoch viel Natur.<br>Baden im Ismaninger Speichersee ist nicht m\u00f6glich. Eventuell am parallel laufendem B\u00e4chlein.<\/p>\n\n\n\n<p><strong>Zeitnahme:<\/strong><br>Selbst\u00e4ndig per Laufuhr. Der GPS-Track dient als Nachweis der Zeit und der Kilometer<\/p>\n\n\n\n<p><strong>Startgeb\u00fchr:<\/strong><br>Keine. Keine Spende<\/p>\n\n\n\n<p><strong>Anerkennung:<\/strong><br>Urkunde per mail<\/p>\n\n\n\n<p><strong>Teilnehmerlimit:<\/strong><br>mindestens 3  \u2013 Mindestalter 18 Jahre<\/p>\n","protected":false},"excerpt":{"rendered":"<p>Ein Lauf um den Ismaninger Speichersee, der Isar und dem Mittleren Isarkanal. Hier der Bericht von Andreas Greppmeir. Hier der Bericht von Udo Pitsch. Ergebnisse: Platz Name Vorname Ort\/Verein Zeit W 1 Strack Judith M\u00fcnchen 5:19:29 1 Pitsch Udo Wehringen, TG Viktoria 4:40:50 2 Klinger Thomas M\u00fcnchen, RC Abschnitt Mitte 4:43:31 3 Berger Charly Friedberg, &hellip; <\/p>\n<p class=\"link-more\"><a href=\"https:\/\/isarmarathon.de\/?page_id=371\" class=\"more-link\"><span class=\"screen-reader-text\">\u201e1. Isar-Speichersee Marathon, Samstag, 15.5.2021\u201c <\/span>weiterlesen<\/a><\/p>\n","protected":false},"author":1,"featured_media":402,"parent":0,"menu_order":0,"comment_status":"closed","ping_status":"closed","template":"","meta":{"footnotes":""},"class_list":["post-371","page","type-page","status-publish","has-post-thumbnail","hentry"],"_links":{"self":[{"href":"https:\/\/isarmarathon.de\/index.php?rest_route=\/wp\/v2\/pages\/371","targetHints":{"allow":["GET"]}}],"collection":[{"href":"https:\/\/isarmarathon.de\/index.php?rest_route=\/wp\/v2\/pages"}],"about":[{"href":"https:\/\/isarmarathon.de\/index.php?rest_route=\/wp\/v2\/types\/page"}],"author":[{"embeddable":true,"href":"https:\/\/isarmarathon.de\/index.php?rest_route=\/wp\/v2\/users\/1"}],"replies":[{"embeddable":true,"href":"https:\/\/isarmarathon.de\/index.php?rest_route=%2Fwp%2Fv2%2Fcomments&post=371"}],"version-history":[{"count":7,"href":"https:\/\/isarmarathon.de\/index.php?rest_route=\/wp\/v2\/pages\/371\/revisions"}],"predecessor-version":[{"id":407,"href":"https:\/\/isarmarathon.de\/index.php?rest_route=\/wp\/v2\/pages\/371\/revisions\/407"}],"wp:featuredmedia":[{"embeddable":true,"href":"https:\/\/isarmarathon.de\/index.php?rest_route=\/wp\/v2\/media\/402"}],"wp:attachment":[{"href":"https:\/\/isarmarathon.de\/index.php?rest_route=%2Fwp%2Fv2%2Fmedia&parent=371"}],"curies":[{"name":"wp","href":"https:\/\/api.w.org\/{rel}","templated":true}]}}