{"id":412,"date":"2021-07-11T16:16:36","date_gmt":"2021-07-11T14:16:36","guid":{"rendered":"https:\/\/isarmarathon.de\/?page_id=412"},"modified":"2025-08-31T10:29:33","modified_gmt":"2025-08-31T08:29:33","slug":"1-marathon-am-tegernsee-samstag-24-7-2021-ausschreibung","status":"publish","type":"page","link":"https:\/\/isarmarathon.de\/?page_id=412","title":{"rendered":"1. Marathon am Tegernsee, Samstag, 30.8.2025"},"content":{"rendered":"\n<p>Bei diesem Lauf geht es erst um den Tegernsee (ca. 20 km) und dann auf einem sch\u00f6nen Wanderweg an der Wei\u00dfach entlang zur Almwirtschaft Siebenh\u00fctten vor den Blaubergen. Ziel ist dann am wieder am Tegernsee .<\/p>\n\n\n\n<figure class=\"wp-block-image size-large\"><img loading=\"lazy\" decoding=\"async\" width=\"499\" height=\"1024\" src=\"https:\/\/isarmarathon.de\/wp-content\/uploads\/2025\/08\/Bildschirmfoto-2025-08-24-um-21.38.22-499x1024.png\" alt=\"\" class=\"wp-image-724\" srcset=\"https:\/\/isarmarathon.de\/wp-content\/uploads\/2025\/08\/Bildschirmfoto-2025-08-24-um-21.38.22-499x1024.png 499w, https:\/\/isarmarathon.de\/wp-content\/uploads\/2025\/08\/Bildschirmfoto-2025-08-24-um-21.38.22-146x300.png 146w, https:\/\/isarmarathon.de\/wp-content\/uploads\/2025\/08\/Bildschirmfoto-2025-08-24-um-21.38.22.png 640w\" sizes=\"auto, (max-width: 499px) 100vw, 499px\" \/><\/figure>\n\n\n\n<p><strong>Ergebniss:<\/strong><\/p>\n\n\n\n<figure class=\"wp-block-table is-style-stripes\"><table><tbody><tr><td><strong>Platz<\/strong><\/td><td><strong>Name<\/strong><\/td><td><strong>Vorname<\/strong><\/td><td><strong>Ort\/Verein<\/strong><\/td><td><strong>Zeit<\/strong><\/td><\/tr>\n<tr><td>1<\/td><td>Klinger<\/td><td>Thomas<\/td><td>M\u00fcnchen, RC Abschnitt Mitte<\/td><td>5:26:30<\/td><\/tr>\n<tr><td>2<\/td><td>Nemela<\/td><td>Daniela<\/td><td>Altdorf, SV Schwindegg<\/td><td>5:26:39<\/td><\/tr>\n<tr><td>3<\/td><td>Krauss<\/td><td>Roland<\/td><td>LG Ultralauf, Kammerstein<\/td><td>5:32:24<\/td><\/tr>\n<tr><td>4<\/td><td>Strack<\/td><td>Judith<\/td><td>M\u00fcnchen<\/td><td>5:52:20<\/td><\/tr><tr><td>4<\/td><td>Bettingen<\/td><td>Andreas<\/td><td>M\u00fcnchen<\/td><td>5:52:20<\/td><\/tr>\n<\/tbody><\/table><\/figure>\n\n\n\n<p><strong>Datum:<\/strong><br>Der Lauf and am Samstag, 30.08.2025 statt.<\/p>\n\n\n\n<p><strong>Startzeit\/Zeitlimit:<\/strong><br>Startzeit ist um 10:00, auf Wunsch sind Einzelstarts m\u00f6glich. Kein Zeitlimit, jedoch muss der Marathon in einem St\u00fcck abgeschlossen werden.<\/p>\n\n\n\n<p><strong>Strecke<\/strong><br>Zuerst einmal um den Tegernsee (gegen den Uhrzeigersinn) und dann an der Wei\u00dfach nach Kreuth, Siebenh\u00fctten und zur\u00fcck. Von Siebenh\u00fctten zum Wildbad Kreuth geht es ein St\u00fcck auf einem Wanderweg nach oben. Die letzten zehn Kilometer immer bergab.<br><br>Um den Tegernsee herum, laufen wir oft auf Fu\u00df\/Radwegen. Hier muss man auf Radfahrende aufpassen. Einige Kilometer auch direkt neben der Landstra\u00dfe mit dem entsprechenden L\u00e4rm. Entsch\u00e4digt wird man durch sch\u00f6ne Wege direkt am See entlang.<br>Die Strecke an der Wei\u00dfbach ist gr\u00f6\u00dftenteils ein reiner Wanderweg.<\/p>\n\n\n\n<p>Die Strecke ist durch mehrere L\u00e4ufe mit unterschiedlichen Laufuhren vermessen und 43 km lang. H\u00f6henmeter um den See etwa 100, nach Siebenh\u00fctten etwa 200.<\/p>\n\n\n\n<p>F\u00fcr die Teilnehmer gibt es eine Beschreibung und GPX-Streckendatei. <\/p>\n\n\n\n<p><strong>Start- und Ziel<\/strong>,<strong> Gep\u00e4ckaufbewahrung:<\/strong><br>Start und Ziel liegen am Parkplatz Wei\u00dfachdamm 33 in Rottach-Egern. Da der Parkplatz sehr klein ist, empfiehlt sich auch das Parken am Wei\u00dfachdamm, da dann nach der Tegernseerunde am Auto Verpflegung verf\u00fcgbar ist. Die Parkverbote gelten nur an den Einm\u00fcndungen. <br><br>Keine Gep\u00e4ckaufbewahrung, <br>Nach Absprache kann auch an anderer Stelle des Kurses gestartet und beendet werden. Z.B. Br\u00e4uhaus Tegernsee.<\/p>\n\n\n\n<p><strong>Anfahrt:<\/strong><br>A8 bis Holzkirchen und dann Richtung Tegernsee. Dort links oder rechtsrum (w\u00fcrde ich bevorzugen) nach Rottach-Egern.<br>Mit dem Zug kommt man sehr gut nach Tegernsee. Von dort gibt es. Anschluss mit dem Bus nach Wei\u00dfsach, RIeds\u00e4ge.<\/p>\n\n\n\n<p><strong>Verpflegung:<\/strong><br>Keine Verpflegung durch den Organisator. Auf der Seerunde viele Kioske direkt an der Stecke. Ebenso viele Toiletten und einige Trinkwasserspender<br>Bei Km 20 kommt man wieder am Start vorbei.<br>Auf der Wei\u00dfach Pendelstrecke an der Br\u00fccke in Kreuth ein Trinkbrunnen und in Siebenh\u00fctten ein Wasserbrunnen.<\/p>\n\n\n\n<p><strong>Toiletten\/Duschen:<\/strong><br>Sch\u00f6ne Toilettenanlage am Start. <br>Baden im Tegernsee direkt am Ziel ist m\u00f6glich. Dusche an der Toilette.<\/p>\n\n\n\n<p><strong>Zeitnahme:<\/strong><br>Selbst\u00e4ndig per Laufuhr. Der GPS-Track dient als Nachweis der Zeit und der Kilometer<\/p>\n\n\n\n<p><strong>Startgeb\u00fchr:<\/strong><br>Keine. Keine Spende<\/p>\n\n\n\n<p><strong>Anerkennung:<\/strong><br>Urkunde per mail<\/p>\n\n\n\n<p><strong>Teilnehmerlimit:<\/strong><br>mindestens 3  \u2013 Mindestalter 18 Jahre<\/p>\n\n\n\n<p><strong>Ergebnisliste:<\/strong><br>Hier auf der Seite<\/p>\n\n\n\n<p><strong>Anmeldung:<\/strong><br>bis 12 Stunden vor Start; unter Angabe von Vorname, Nachname, Ort und Verein per Mail. <\/p>\n\n\n\n<p><strong>Kontakt\/weitereInformationen:<\/strong><br>kontakt@isarmarathon.de<\/p>\n\n\n\n<p><strong>Haftungsausschl\u00fcsse und notwendige Erkl\u00e4rungen der Teilnehmer:<\/strong><br>1. Der Veranstalter \u00fcbernimmt f\u00fcr Unf\u00e4lle und Verletzungen aller Art sowie Diebstahl oder sonstige Sch\u00e4den keine Haftung. Die Teilnahme erfolgt auf eigenes Risiko.<\/p>\n\n\n\n<p>2. Der Teilnehmer erkl\u00e4rt, dass er die zum Zeitpunkt des Laufs g\u00fcltigen bayrischen Kontaktbeschr\u00e4nkungen und weitere gesetzlichen Vorgaben im Rahmen der Corona-Pandemie einh\u00e4lt.&nbsp;<\/p>\n\n\n\n<p>3. Der Teilnehmer erkl\u00e4rt, dass er einen f\u00fcr die Absolvierung des Laufs ausreichenden Trainings- und Gesundheitszustand besitzt und mehre Marathons im Jahr l\u00e4uft.&nbsp;Eine medizinische Betreuung wird nicht organisiert.<\/p>\n\n\n\n<p>4.&nbsp;Es gilt die Stra\u00dfenverkehrsordnung. Oft werden Stra\u00dfen durch Unterf\u00fchrungen gequert. Es gibt aber auch ampelgesicherte Kreuzungen. Es wird in M\u00fcnchen rechts gelaufen.<\/p>\n\n\n\n<p>5. Der Teilnehmer best\u00e4tigt mit seiner Anmeldung, dass er damit einverstanden ist, dass s\u00e4mtliche Fotos und Videos, die im Zusammenhang mit dem Lauf stehen, ohne Verg\u00fctungsanspr\u00fcche genutzt werden d\u00fcrfen .<\/p>\n","protected":false},"excerpt":{"rendered":"<p>Bei diesem Lauf geht es erst um den Tegernsee (ca. 20 km) und dann auf einem sch\u00f6nen Wanderweg an der Wei\u00dfach entlang zur Almwirtschaft Siebenh\u00fctten vor den Blaubergen. Ziel ist dann am wieder am Tegernsee . Ergebniss: Platz Name Vorname Ort\/Verein Zeit 1 Klinger Thomas M\u00fcnchen, RC Abschnitt Mitte 5:26:30 2 Nemela Daniela Altdorf, SV &hellip; <\/p>\n<p class=\"link-more\"><a href=\"https:\/\/isarmarathon.de\/?page_id=412\" class=\"more-link\"><span class=\"screen-reader-text\">\u201e1. Marathon am Tegernsee, Samstag, 30.8.2025\u201c <\/span>weiterlesen<\/a><\/p>\n","protected":false},"author":1,"featured_media":734,"parent":0,"menu_order":0,"comment_status":"closed","ping_status":"closed","template":"","meta":{"footnotes":""},"class_list":["post-412","page","type-page","status-publish","has-post-thumbnail","hentry"],"_links":{"self":[{"href":"https:\/\/isarmarathon.de\/index.php?rest_route=\/wp\/v2\/pages\/412","targetHints":{"allow":["GET"]}}],"collection":[{"href":"https:\/\/isarmarathon.de\/index.php?rest_route=\/wp\/v2\/pages"}],"about":[{"href":"https:\/\/isarmarathon.de\/index.php?rest_route=\/wp\/v2\/types\/page"}],"author":[{"embeddable":true,"href":"https:\/\/isarmarathon.de\/index.php?rest_route=\/wp\/v2\/users\/1"}],"replies":[{"embeddable":true,"href":"https:\/\/isarmarathon.de\/index.php?rest_route=%2Fwp%2Fv2%2Fcomments&post=412"}],"version-history":[{"count":6,"href":"https:\/\/isarmarathon.de\/index.php?rest_route=\/wp\/v2\/pages\/412\/revisions"}],"predecessor-version":[{"id":735,"href":"https:\/\/isarmarathon.de\/index.php?rest_route=\/wp\/v2\/pages\/412\/revisions\/735"}],"wp:featuredmedia":[{"embeddable":true,"href":"https:\/\/isarmarathon.de\/index.php?rest_route=\/wp\/v2\/media\/734"}],"wp:attachment":[{"href":"https:\/\/isarmarathon.de\/index.php?rest_route=%2Fwp%2Fv2%2Fmedia&parent=412"}],"curies":[{"name":"wp","href":"https:\/\/api.w.org\/{rel}","templated":true}]}}