{"id":432,"date":"2021-07-26T20:38:31","date_gmt":"2021-07-26T18:38:31","guid":{"rendered":"https:\/\/isarmarathon.de\/?page_id=432"},"modified":"2021-09-11T21:47:46","modified_gmt":"2021-09-11T19:47:46","slug":"samstag-11-9-2021-2-oktoberfest-marathon","status":"publish","type":"page","link":"https:\/\/isarmarathon.de\/?page_id=432","title":{"rendered":"2. Oktoberfest Marathon am Samstag, 11.9.2021"},"content":{"rendered":"\n<p>Das Oktoberfest in M\u00fcnchen f\u00e4llt 2021 aus. Wir nutzen die einmalige Chance auf der Wies&#8217;n einen Marathon zu laufen. Fast drei Kilometer ist die Runde auf der Wies&#8217;n lang. Damit es nicht zu monoton wird, h\u00e4ngen wir einen Schlenker in den Westpark das ehemalige Gel\u00e4nde der internationalen Gartenbauausstellung an. V\u00f6llig Autoverkehrsfrei. <\/p>\n\n\n\n<div class=\"wp-block-group\"><div class=\"wp-block-group__inner-container is-layout-flow wp-block-group-is-layout-flow\">\n<p><strong>Ergebnisse:<\/strong><\/p>\n<\/div><\/div>\n\n\n\n<figure class=\"wp-block-table is-style-stripes\"><table><tbody><tr><td><strong>Nr<\/strong><\/td><td><strong>Name<\/strong><\/td><td><strong>Vorname<\/strong><\/td><td><strong>Verein\/Ort<\/strong><\/td><td><strong>Zeit<\/strong><\/td><\/tr><tr><td>1<\/td><td>Greppmeir<\/td><td>Andreas<\/td><td>Team TOMJ<\/td><td>5:52:11<\/td><\/tr><tr><td>1<\/td><td>Schick<\/td><td>Andreas<\/td><td>3Asse<\/td><td>5:52:11<\/td><\/tr><tr><td>1<\/td><td>Manhard<\/td><td>Bernie<\/td><td>Team TOMJ<\/td><td>5:52:11<\/td><\/tr><tr><td>4<\/td><td>Ott<\/td><td>Axel<\/td><td>3Asse<\/td><td>6:09:11<\/td><\/tr><tr><td>5<\/td><td>Bettingen<\/td><td>Andreas<\/td><td>marathon4you.de<\/td><td>6:09:55<\/td><\/tr><tr><td><strong>Nr<\/strong><\/td><td><strong>Name<\/strong><\/td><td><strong>Vorname<\/strong><\/td><td><strong>Verein\/Ort<\/strong><\/td><td><\/td><\/tr><tr><td>1<\/td><td>Strack<\/td><td>Judith<\/td><td>marathon4you.de<\/td><td>6:05:40<\/td><\/tr><\/tbody><\/table><\/figure>\n\n\n\n<p><strong>Datum:<\/strong><br>Der Lauf fand am Samstag, 11.9.2021 statt.<\/p>\n\n\n\n<p><strong>Startzeit\/Zeitlimit:<\/strong><br>Startzeit war 10:30. <br>Kein Zeitlimit, jedoch muss der Marathon in einem St\u00fcck abgeschlossen werden.<\/p>\n\n\n\n<p><strong>Strecke<\/strong><br>Die Runde ist vier mal zur\u00fcckzulegen. Eine kleines Auftaktst\u00fcck ca. 400m gleich nach dem Start. Kreidemarkierungen sind geplant.  Es handelt sich um eine v\u00f6llig private Angelegenheit. Auf Spazierg\u00e4nger und Radler ist R\u00fccksicht zu nehmen.  An manchen Stellen ist es etwas eng. Es sind oft viele Sportler unterwegs. Autoverkehrsfrei. Eine genauere Beschreibung folgt.<\/p>\n\n\n\n<figure class=\"wp-block-image size-large\"><img loading=\"lazy\" decoding=\"async\" width=\"693\" height=\"369\" src=\"https:\/\/isarmarathon.de\/wp-content\/uploads\/2020\/08\/20200926_Oktoberfest.jpg\" alt=\"\" class=\"wp-image-202\" srcset=\"https:\/\/isarmarathon.de\/wp-content\/uploads\/2020\/08\/20200926_Oktoberfest.jpg 693w, https:\/\/isarmarathon.de\/wp-content\/uploads\/2020\/08\/20200926_Oktoberfest-300x160.jpg 300w\" sizes=\"auto, (max-width: 693px) 100vw, 693px\" \/><\/figure>\n\n\n\n<p><strong>Start- und Ziel<\/strong>,<strong> Gep\u00e4ckaufbewahrung:<\/strong><br>Start und Ziel direkt mit Blick auf die Bavaria, Mathias-Pschorr-Str, nahe dem Esperantoplatz, keine Gep\u00e4ckaufbewahrung. <\/p>\n\n\n\n<p><strong>Anfahrt:<\/strong><br>Theresienwiese M\u00fcnchen. U-Bahn 4\/5, Parkpl\u00e4tze vorhanden (evtl. kostenpflichtig)<\/p>\n\n\n\n<p><strong>Verpflegung:<\/strong><br>Keine Verpflegung durch den Organisator.  Vier Runden, Verpflegung kann eventuell am Start\/Ziel hinterlegt werden. Freiwillige gerne gesehen.<\/p>\n\n\n\n<p><strong>Toiletten\/Duschen:<\/strong><br>Am Start gibt es wahrscheinlich Toiletten, gegen Geb\u00fchr. Im Westpark dann mehrere Dixies. Am Rosengarten (Wende im Westen) feste Toilettenanlage mit Leitungswasser. Keine Duschen.<\/p>\n\n\n\n<p><strong>Zeitnahme:<\/strong><br>Selbst\u00e4ndig per Laufuhr. Der GPS-Track dient als Nachweis der Zeit und der Kilometer<\/p>\n\n\n\n<p><strong>Startgeb\u00fchr:<\/strong><br>Keine, keine Spende<\/p>\n\n\n\n<p><strong>Anerkennung:<\/strong><br>Urkunde per mail, fantastische Medaille<\/p>\n\n\n\n<p><strong>Teilnehmerlimit:<\/strong><br>mindestens 3, maximal 10 \u2013 Mindestalter 18 Jahre<\/p>\n\n\n\n<p><strong>Ergebnisliste:<\/strong><br>Hier auf der Seite<\/p>\n\n\n\n<p><strong>Anmeldung:<\/strong><br>An sofort. Bitte bis einen Tag vor dem Lauf.<\/p>\n\n\n\n<p><strong>Kontakt\/weitereInformationen:<\/strong><br>kontakt@isarmarathon.de<\/p>\n\n\n\n<p><strong>Haftungsausschl\u00fcsse und notwendige Erkl\u00e4rungen der Teilnehmer:<\/strong><br>1. Der Veranstalter \u00fcbernimmt f\u00fcr Unf\u00e4lle und Verletzungen aller Art sowie Diebstahl oder sonstige Sch\u00e4den keine Haftung. Die Teilnahme erfolgt auf eigenes Risiko.<\/p>\n\n\n\n<p>2. Der Teilnehmer erkl\u00e4rt, dass er die zum Zeitpunkt des Laufs g\u00fcltigen bayrischen Kontaktbeschr\u00e4nkungen und weitere gesetzlichen Vorgaben im Rahmen der Corona-Pandemie einh\u00e4lt.<\/p>\n\n\n\n<p>3. Der Teilnehmer erkl\u00e4rt, dass er einen f\u00fcr die Absolvierung des Laufs ausreichenden Trainings- und Gesundheitszustand besitzt und mehre Marathons im Jahr l\u00e4uft.&nbsp;Eine medizinische Betreuung wird nicht organisiert.<\/p>\n\n\n\n<p>4.&nbsp;Es gilt die Stra\u00dfenverkehrsordnung. Es wird in M\u00fcnchen rechts gelaufen.<\/p>\n\n\n\n<p>5. Sollten sich die rechtlichen Rahmenbedingungen \u00e4ndern, kann der Lauf abgesagt werden.<\/p>\n\n\n\n<p>6. Der Teilnehmer best\u00e4tigt mit seiner Anmeldung, dass er damit einverstanden ist, dass s\u00e4mtliche Fotos und Videos, die im Zusammenhang mit dem Lauf stehen, ohne Verg\u00fctungsanspr\u00fcche genutzt werden d\u00fcrfen .<\/p>\n","protected":false},"excerpt":{"rendered":"<p>Das Oktoberfest in M\u00fcnchen f\u00e4llt 2021 aus. Wir nutzen die einmalige Chance auf der Wies&#8217;n einen Marathon zu laufen. Fast drei Kilometer ist die Runde auf der Wies&#8217;n lang. Damit es nicht zu monoton wird, h\u00e4ngen wir einen Schlenker in den Westpark das ehemalige Gel\u00e4nde der internationalen Gartenbauausstellung an. V\u00f6llig Autoverkehrsfrei. Ergebnisse: Nr Name Vorname &hellip; <\/p>\n<p class=\"link-more\"><a href=\"https:\/\/isarmarathon.de\/?page_id=432\" class=\"more-link\"><span class=\"screen-reader-text\">\u201e2. Oktoberfest Marathon am Samstag, 11.9.2021\u201c <\/span>weiterlesen<\/a><\/p>\n","protected":false},"author":1,"featured_media":244,"parent":0,"menu_order":0,"comment_status":"closed","ping_status":"closed","template":"","meta":{"footnotes":""},"class_list":["post-432","page","type-page","status-publish","has-post-thumbnail","hentry"],"_links":{"self":[{"href":"https:\/\/isarmarathon.de\/index.php?rest_route=\/wp\/v2\/pages\/432","targetHints":{"allow":["GET"]}}],"collection":[{"href":"https:\/\/isarmarathon.de\/index.php?rest_route=\/wp\/v2\/pages"}],"about":[{"href":"https:\/\/isarmarathon.de\/index.php?rest_route=\/wp\/v2\/types\/page"}],"author":[{"embeddable":true,"href":"https:\/\/isarmarathon.de\/index.php?rest_route=\/wp\/v2\/users\/1"}],"replies":[{"embeddable":true,"href":"https:\/\/isarmarathon.de\/index.php?rest_route=%2Fwp%2Fv2%2Fcomments&post=432"}],"version-history":[{"count":8,"href":"https:\/\/isarmarathon.de\/index.php?rest_route=\/wp\/v2\/pages\/432\/revisions"}],"predecessor-version":[{"id":451,"href":"https:\/\/isarmarathon.de\/index.php?rest_route=\/wp\/v2\/pages\/432\/revisions\/451"}],"wp:featuredmedia":[{"embeddable":true,"href":"https:\/\/isarmarathon.de\/index.php?rest_route=\/wp\/v2\/media\/244"}],"wp:attachment":[{"href":"https:\/\/isarmarathon.de\/index.php?rest_route=%2Fwp%2Fv2%2Fmedia&parent=432"}],"curies":[{"name":"wp","href":"https:\/\/api.w.org\/{rel}","templated":true}]}}