{"id":490,"date":"2022-05-21T18:36:47","date_gmt":"2022-05-21T16:36:47","guid":{"rendered":"https:\/\/isarmarathon.de\/?page_id=490"},"modified":"2023-03-13T19:27:45","modified_gmt":"2023-03-13T17:27:45","slug":"2-munich-urban-trail-mucut-termin-noch-offen-ausschreibung","status":"publish","type":"page","link":"https:\/\/isarmarathon.de\/?page_id=490","title":{"rendered":"2. Munich Urban Trail &#8211; MUCUT, Samstag, 11.3.2023 -Ergebnisse"},"content":{"rendered":"\n<p>Auf vielfachen Wunsch gibt es dieses Jahr den 2. Urban Trail Marathon in M\u00fcnchen.  Start und Ziel an der Muffathalle\/Volksbad. Dann geht es in einer gro\u00dfen Runde durch das Zentrum, zu den Aussichtspunkten und vielen Sehensw\u00fcrdigkeiten von M\u00fcnchen. Nat\u00fcrlich mit einigen H\u00f6henmetern und Treppenstufen. Die Route ist so gew\u00e4hlt, dass nur sehr wenige Stra\u00dfen \u00fcber Ampeln gequert werden m\u00fcssen. Meist sind es Br\u00fccken oder es geht durch Fu\u00dfg\u00e4ngerunterf\u00fchrungen oder U-Bahn-Verteilergeschosse.<br><br>Ein GPS-Track wird zur Verf\u00fcgung gestellt. Damit kann der Weg auch mit einer Laufuhr mit Routingfunktion alleine absolviert werden. Alternativ kann man sich den Veranstaltenden anschlie\u00dfen. Geplant werden wir dann unter sechs Stunden ins Ziel kommen.<\/p>\n\n\n\n<figure class=\"wp-block-image size-full\"><img loading=\"lazy\" decoding=\"async\" width=\"820\" height=\"770\" src=\"https:\/\/isarmarathon.de\/wp-content\/uploads\/2022\/02\/Bildschirmfoto-2022-02-13-um-16.45.14.png\" alt=\"\" class=\"wp-image-459\" srcset=\"https:\/\/isarmarathon.de\/wp-content\/uploads\/2022\/02\/Bildschirmfoto-2022-02-13-um-16.45.14.png 820w, https:\/\/isarmarathon.de\/wp-content\/uploads\/2022\/02\/Bildschirmfoto-2022-02-13-um-16.45.14-300x282.png 300w, https:\/\/isarmarathon.de\/wp-content\/uploads\/2022\/02\/Bildschirmfoto-2022-02-13-um-16.45.14-768x721.png 768w\" sizes=\"auto, (max-width: 767px) 89vw, (max-width: 1000px) 54vw, (max-width: 1071px) 543px, 580px\" \/><figcaption class=\"wp-element-caption\">Stand 13.2.2022. <\/figcaption><\/figure>\n\n\n\n<p><strong>Ergebnisse (m\/w\/d):<\/strong><\/p>\n\n\n\n<figure class=\"wp-block-table is-style-stripes\"><table><tbody>\n<tr><td><strong>Platz<\/strong><\/td><td><strong>Name<\/strong><\/td><td><strong>Vorname<\/strong><\/td><td><strong>Ort\/Verein<\/strong><\/td><td><strong>Zeit<\/strong><\/td><\/tr>\n<tr><\/tr>\n<tr><td>1<\/td><td>Eckhof<\/td><td>Jan<\/td><td>trailfam aux<\/td><td>4:25:54<\/td><\/tr>\n<tr><td>2<\/td><td>Jordan<\/td><td>Janine<\/td><td>trailfam aux<\/td><td>4:28:51<\/td><\/tr>\n<tr><td>3<\/td><td>Vogel<\/td><td>Simon<\/td><td>Gersthofen<\/td><td>4:46:57<\/td><\/tr>\n<tr><td>4<\/td><td>Roland<\/td><td>Frank<\/td><td>Augsburg<\/td><td>4:50:54<\/td><\/tr>\n<tr><td>5<\/td><td>Klinger<\/td><td>Thomas<\/td><td>M\u00fcnchen, RC Abschnitt Mitte<\/td><td>5:30:30<\/td><\/tr>\n<tr><td>6<\/td><td>Berger<\/td><td>Charly<\/td><td>Friedberg, Team TOMJ<\/td><td>5:51:36<\/td><\/tr>\n<tr><td>7<\/td><td>Krauss<\/td><td>Roland<\/td><td>LG Ultralauf Kammerstein<\/td><td>5:52:06<\/td><\/tr>\n<tr><td>8<\/td><td>Pitsch<\/td><td>Udo<\/td><td>Augsburg<\/td><td>5:57:27<\/td><\/tr>\n<tr><td>9<\/td><td>Strack<\/td><td>Judith<\/td><td>M\u00fcnchen, CSMI<\/td><td>6:10:44<\/td><\/tr>\n<tr><td>10<\/td><td>Bettingen<\/td><td>Andreas<\/td><td>M\u00fcnchen, CSMI<\/td><td>6:10:44<\/td><\/tr>\n<tr><td>11<\/td><td>Englerth<\/td><td>J\u00fcrgen<\/td><td>Taekwon-Do Dojangs Englerth<\/td><td>6:22:10<\/td><\/tr>\n<\/tbody><\/table><\/figure>\n\n\n\n<p><strong>Datum:<\/strong><br>Samstag, 11.3.2023<\/p>\n\n\n\n<p><strong>Startzeit\/Zeitlimit:<\/strong><br>Startzeit ist um 10:00. Kein Zeitlimit, jedoch muss der Marathon in einem St\u00fcck abgeschlossen werden. Sonderstartzeiten auf Anfrage.<\/p>\n\n\n\n<p><strong>Strecke<\/strong><br>Beschreibung siehe Bild oben.<\/p>\n\n\n\n<p>Die Strecke ist durch mehrere L\u00e4ufe mit unterschiedlichen Laufuhren vermessen und gute 43 km lang. H\u00f6henmeter ungef\u00e4hr 300, die Anstiege (Luitpoldberg, Olympiaberg, Isar Hochufer) sind meistens nur 10 bis 20 H\u00f6henmeter hoch.<br>F\u00fcr die Teilnehmende gibt es eine Beschreibung und GPX-Streckendatei. <\/p>\n\n\n\n<p>Toiletten liegen an der Strecke. Versorgung an Gesch\u00e4ften.<\/p>\n\n\n\n<p><strong>Start- und Ziel<\/strong>,<strong> Gep\u00e4ckaufbewahrung:<\/strong><br>Start und Ziel liegen am M\u00fcllerschen Volksbad. Keine Gep\u00e4ckaufbewahrung<\/p>\n\n\n\n<p><strong>Anfahrt:<\/strong><br>M\u00fcllersches Volksbad an der Ludwigsbr\u00fccke. Wer \u00fcber die Ludwigsbr\u00fccke von Westen kommt, kann in der Baustelle wenden und dann vor dem Volksbad nach rechts abbiegen.. <br>S-Bahn Isartor (ist in einem Bahnticket bis M\u00fcnchen enthalten!)<\/p>\n\n\n\n<p><strong>Verpflegung:<\/strong><br>Keine Verpflegung durch den Organisator. WC-Anlagen und Wasserbrunnen an der Strecke.<\/p>\n\n\n\n<p><strong>Toiletten\/Duschen:<\/strong><br>Am Start steht ein Dixi zur Verf\u00fcgung. Duschen und ein recht warmes Becken (sogenannte Damenhalle) im Volksbad.<\/p>\n\n\n\n<p><strong>Zeitnahme:<\/strong><br>Selbst\u00e4ndig per Laufuhr. Der GPS-Track dient als Nachweis der Zeit und der Kilometer. <\/p>\n\n\n\n<p><strong>Startgeb\u00fchr:<\/strong><br>Keine. Keine Spende<\/p>\n\n\n\n<p><strong>Anerkennung:<\/strong><br>Urkunde per mail<\/p>\n\n\n\n<p><strong>Teilnehmerlimit:<\/strong><br>mindestens 3, maximal 10  \u2013 Mindestalter 18 Jahre<\/p>\n\n\n\n<p><strong>Ergebnisliste:<\/strong><br>Hier auf der Seite<\/p>\n\n\n\n<p><strong>Anmeldung:<\/strong><br>bis 12 Stunden vor Start; unter Angabe von Vorname, Nachname, Ort und Verein per Mail. <\/p>\n\n\n\n<p><strong>Kontakt\/weitere Informationen:<\/strong><br>kontakt@isarmarathon.de<\/p>\n\n\n\n<p><strong>Haftungsausschl\u00fcsse und notwendige Erkl\u00e4rungen der Teilnehmer:<\/strong><br>1. Der Veranstalter \u00fcbernimmt f\u00fcr Unf\u00e4lle und Verletzungen aller Art sowie Diebstahl oder sonstige Sch\u00e4den keine Haftung. Die Teilnahme erfolgt auf eigenes Risiko.<\/p>\n\n\n\n<p>2. Der\/die Teilnehmende erkl\u00e4rt, dass er\/sie die zum Zeitpunkt des Laufs g\u00fcltigen bayerischen Kontaktbeschr\u00e4nkungen und eventuell weitere gesetzlichen Vorgaben im Rahmen der Corona-Pandemie einh\u00e4lt. <\/p>\n\n\n\n<p>3. Der\/die Teilnehmende erkl\u00e4rt, dass sie\/er einen f\u00fcr die Absolvierung des Laufs ausreichenden Trainings- und Gesundheitszustand besitzt und mehrere Marathons im Jahr l\u00e4uft.&nbsp;Eine medizinische Betreuung wird nicht organisiert.<\/p>\n\n\n\n<p>4.&nbsp;Es gilt die Stra\u00dfenverkehrsordnung. Es werden mehrere Stra\u00dfen gequert. An den wenigen Ampeln auf der Strecke sollte man sehr vorsichtig sein. Meist sind es stark befahrene Stra\u00dfen. <\/p>\n\n\n\n<p>5. Sollten sich die rechtlichen Rahmenbedingungen \u00e4ndern, kann der Lauf abgesagt werden.<\/p>\n\n\n\n<p>6. Mit der Anmeldung best\u00e4tigen Teilnehmende, dass sie damit einverstanden sind, dass s\u00e4mtliche Fotos und Videos, die im Zusammenhang mit dem Lauf stehen, ohne Verg\u00fctungsanspr\u00fcche genutzt werden d\u00fcrfen .<\/p>\n","protected":false},"excerpt":{"rendered":"<p>Auf vielfachen Wunsch gibt es dieses Jahr den 2. Urban Trail Marathon in M\u00fcnchen. Start und Ziel an der Muffathalle\/Volksbad. Dann geht es in einer gro\u00dfen Runde durch das Zentrum, zu den Aussichtspunkten und vielen Sehensw\u00fcrdigkeiten von M\u00fcnchen. Nat\u00fcrlich mit einigen H\u00f6henmetern und Treppenstufen. Die Route ist so gew\u00e4hlt, dass nur sehr wenige Stra\u00dfen \u00fcber &hellip; <\/p>\n<p class=\"link-more\"><a href=\"https:\/\/isarmarathon.de\/?page_id=490\" class=\"more-link\"><span class=\"screen-reader-text\">\u201e2. Munich Urban Trail &#8211; MUCUT, Samstag, 11.3.2023 -Ergebnisse\u201c <\/span>weiterlesen<\/a><\/p>\n","protected":false},"author":1,"featured_media":570,"parent":0,"menu_order":0,"comment_status":"closed","ping_status":"closed","template":"","meta":{"footnotes":""},"class_list":["post-490","page","type-page","status-publish","has-post-thumbnail","hentry"],"_links":{"self":[{"href":"https:\/\/isarmarathon.de\/index.php?rest_route=\/wp\/v2\/pages\/490","targetHints":{"allow":["GET"]}}],"collection":[{"href":"https:\/\/isarmarathon.de\/index.php?rest_route=\/wp\/v2\/pages"}],"about":[{"href":"https:\/\/isarmarathon.de\/index.php?rest_route=\/wp\/v2\/types\/page"}],"author":[{"embeddable":true,"href":"https:\/\/isarmarathon.de\/index.php?rest_route=\/wp\/v2\/users\/1"}],"replies":[{"embeddable":true,"href":"https:\/\/isarmarathon.de\/index.php?rest_route=%2Fwp%2Fv2%2Fcomments&post=490"}],"version-history":[{"count":15,"href":"https:\/\/isarmarathon.de\/index.php?rest_route=\/wp\/v2\/pages\/490\/revisions"}],"predecessor-version":[{"id":572,"href":"https:\/\/isarmarathon.de\/index.php?rest_route=\/wp\/v2\/pages\/490\/revisions\/572"}],"wp:featuredmedia":[{"embeddable":true,"href":"https:\/\/isarmarathon.de\/index.php?rest_route=\/wp\/v2\/media\/570"}],"wp:attachment":[{"href":"https:\/\/isarmarathon.de\/index.php?rest_route=%2Fwp%2Fv2%2Fmedia&parent=490"}],"curies":[{"name":"wp","href":"https:\/\/api.w.org\/{rel}","templated":true}]}}