{"id":500,"date":"2022-06-27T21:35:22","date_gmt":"2022-06-27T19:35:22","guid":{"rendered":"https:\/\/isarmarathon.de\/?page_id=500"},"modified":"2022-09-20T20:42:33","modified_gmt":"2022-09-20T18:42:33","slug":"muenchen-olympia-erinnerungsmarathon-1972-plus-50-jahre-am-samstag-10-9-2022-ausschreibung","status":"publish","type":"page","link":"https:\/\/isarmarathon.de\/?page_id=500","title":{"rendered":"M\u00fcnchen Olympia Erinnerungsmarathon 1972-2022 am Samstag, 10.9.2022"},"content":{"rendered":"\n<p>Der Traum des kleinen Andreas wird wahr: Einmal die Originalstrecke des M\u00fcnchen Marathons laufen und das genau 50 Jahre nachdem ich den Lauf in Schwarzwei\u00dffernsehen verfolgt habe.<br>Der Lauf ist anders als 1972 auch f\u00fcr Frauen ge\u00f6ffnet. Und nach dem Finish kann sich Judith wahrscheinlich r\u00fchmen, die erste Frau gewesen zu sein, welche die Originalstrecke gelaufen ist.<\/p>\n\n\n\n<p>Zwei sehr sch\u00f6ne Laufberichte gibt es hier: <a href=\"https:\/\/www.marathon4you.de\/laufberichte\/sport\/50-jahre-olympia-marathon-muenchen-ein-traum-wird-wahr\/4310\">marathon4you<\/a> und <a href=\"https:\/\/www.team-tomj.de\/berichte\/2022\/berichte_22-09_olympia_A.html\">team-tomj<\/a>.<br><br>Hier gibt es sch\u00f6ne Videos von der Er\u00f6ffnungsfeier der Olympiade: <a rel=\"noreferrer noopener\" href=\"https:\/\/www.br.de\/mediathek\/rubriken\/themenseite-muenchen-72-im-zeichen-der-ringe-100\" target=\"_blank\">br.de<\/a><br><\/p>\n\n\n\n<figure class=\"wp-block-image size-large\"><img loading=\"lazy\" decoding=\"async\" width=\"1024\" height=\"490\" src=\"https:\/\/isarmarathon.de\/wp-content\/uploads\/2022\/06\/OlympiaMarathon72-1024x490.jpeg\" alt=\"\" class=\"wp-image-501\" srcset=\"https:\/\/isarmarathon.de\/wp-content\/uploads\/2022\/06\/OlympiaMarathon72-1024x490.jpeg 1024w, https:\/\/isarmarathon.de\/wp-content\/uploads\/2022\/06\/OlympiaMarathon72-300x143.jpeg 300w, https:\/\/isarmarathon.de\/wp-content\/uploads\/2022\/06\/OlympiaMarathon72-768x367.jpeg 768w, https:\/\/isarmarathon.de\/wp-content\/uploads\/2022\/06\/OlympiaMarathon72-1536x734.jpeg 1536w, https:\/\/isarmarathon.de\/wp-content\/uploads\/2022\/06\/OlympiaMarathon72.jpeg 1778w\" sizes=\"auto, (max-width: 767px) 89vw, (max-width: 1000px) 54vw, (max-width: 1071px) 543px, 580px\" \/><figcaption>Stand 27.6.2022. Geringf\u00fcgige \u00c4nderungen noch m\u00f6glich. <\/figcaption><\/figure>\n\n\n\n<p><strong>Ergebnisse:<\/strong><\/p>\n\n\n\n<figure class=\"wp-block-table is-style-stripes\"><table><tbody><tr><td><strong>Platz<\/strong><\/td><td><strong>Name<\/strong><\/td><td><strong>Vorname<\/strong><\/td><td><strong>Ort\/Verein<\/strong><\/td><td><strong>Zeit<\/strong><\/td><\/tr>\n<tr><td>1<\/td><td>Schaab<\/td><td>Dieter<\/td><td>Augsburg, Team KMC<\/td><td>4:29:10<\/td><\/tr>\n<tr><td>2<\/td><td>Vogel<\/td><td>Simon<\/td><td>Gersthofen<\/td><td>4:29:28<\/td><\/tr>\n<tr><td>3<\/td><td>Roland<\/td><td>Frank<\/td><td>Augsburg<\/td><td>4:29:31<\/td><\/tr>\n<tr><td>4<\/td><td>Klinger<\/td><td>Thomas<\/td><td>M\u00fcnchen, RC Abschnitt Mitte<\/td><td>4:46:46<\/td><\/tr>\n<tr><td>5<\/td><td>Pitsch<\/td><td>Udo<\/td><td>Augsburg<\/td><td>5:18:34<\/td><\/tr>\n<tr><td>6<\/td><td>Sobirey<\/td><td>Klaus<\/td><td>M\u00fcnchen<\/td><td>5:27:05<\/td><\/tr>\n<tr><td>7<\/td><td>Berger<\/td><td>Charly<\/td><td>Friedberg, Team TOMJ<\/td><td>5:32:43<\/td><\/tr>\n<tr><td>8<\/td><td>Schick<\/td><td>Andi<\/td><td>3Asse<\/td><td>5:32:56<\/td><\/tr>\n<tr><td>9<\/td><td>Pielok<\/td><td>Alois<\/td><td>Pessin<\/td><td>5:49:05<\/td><\/tr>\n<tr><td>10<\/td><td>Bettingen<\/td><td>Andreas<\/td><td>M\u00fcnchen, Club Supermarathon Italia<\/td><td>5:49:05<\/td><\/tr>\n<tr><td>11<\/td><td>Manhard<\/td><td>Bernie<\/td><td>Kissing, Team TOMJ<\/td><td>5:49:07<\/td><\/tr>\n<tr><td>12<\/td><td>Greppmeir<\/td><td>Andreas<\/td><td>Mering, Team TOMJ<\/td><td>7:51:23<\/td><\/tr>\n<tr><td>12<\/td><td>Ott<\/td><td>Axel<\/td><td>3Asse<\/td><td>7:51:23<\/td><\/tr>\n<tr><td>12<\/td><td>Englerth<\/td><td>J\u00fcrgen<\/td><td>Taekwon-Do Dojangs<\/td><td>7:51:23<\/td><\/tr>\n<\/tbody><\/table><\/figure>\n<figure class=\"wp-block-table is-style-stripes\"><table><tbody><tr><td>\n<strong>Platz<\/strong><\/td><td><strong>Name<\/strong><\/td><td><strong>Vorname<\/strong><\/td><td><strong>Ort\/Verein<\/strong><\/td><td><strong>Zeit<\/strong><\/td><\/tr>\n<tr><td>1<\/td><td>Strack<\/td><td>Judith<\/td><td>M\u00fcnchen, Club Supermarathon Italia<\/td><td>5:49:08<\/td><\/tr>\n<\/tbody><\/table><\/figure>\n\n\n\n<p><strong>Datum:<\/strong><br>Samstag, 10.9.2022<\/p>\n\n\n\n<p><strong>Startzeit\/Zeitlimit:<\/strong><br>Startzeit ist um 10:00. Kein Zeitlimit, jedoch muss der Marathon in einem St\u00fcck abgeschlossen werden.<\/p>\n\n\n\n<p><strong>Strecke<\/strong><br>\u00dcberblick siehe oben (gegen den Uhrzeigersinn).<\/p>\n\n\n\n<p>Die Strecke wurde mittels alter Aufzeichnungen rekonstruiert und kann heute noch so gelaufen werden. Es gibt leider unz\u00e4hlige Ampeln auf der Strecke. Daher spielt die Zeit keine Rolle.<br>F\u00fcr die Teilnehmer gibt es eine Beschreibung und GPX-Streckendatei, die auch die g\u00fcnstigste Stra\u00dfenseite enthalten wird. Keine Markierungen.<\/p>\n\n\n\n<p><strong>Start- und Ziel<\/strong>,<strong> Gep\u00e4ckaufbewahrung:<\/strong><br>Start und Ziel liegen an den Olympischen Ringen beim Olympia-Hallenbad. In das Olympiastadion d\u00fcrfen wir leider nicht, da hat ein gewisser Ed S. die besseren Karten. Keine Gep\u00e4ckaufbewahrung<\/p>\n\n\n\n<p><strong>Anfahrt:<\/strong><br>Olympiapark, am mittleren Ring. Parkpl\u00e4tze in der Parkharfe. Kostenlos oder g\u00fcnstiger in der Hedwig-Dransfeld-Allee, Bundeswehr-Anlage oder in der Borstei.<br>Und nat\u00fcrlich mit den \u00f6ffentlichen Verkehrsmitteln, U Olympiapark.<\/p>\n\n\n\n<p><strong>Verpflegung:<\/strong><br>Keine Verpflegung durch den Organisator. WC-Anlagen und Wasserbrunnen an der Strecke (n\u00e4heres folgt)<\/p>\n\n\n\n<p><strong>Toiletten\/Duschen:<\/strong><br>Sch\u00f6ne Toilettenanlage am Start gegen Bezahlung. Duschen und Schwimmen im Olympiabad (Kurzschwimmen 4\u20ac)<\/p>\n\n\n\n<p><strong>Zeitnahme:<\/strong><br>Selbst\u00e4ndig per Laufuhr. Der GPS-Track dient als Nachweis der Zeit und der Kilometer. <\/p>\n\n\n\n<p><strong>Startgeb\u00fchr:<\/strong><br>Keine. Keine Spende<\/p>\n\n\n\n<p><strong>Anerkennung:<\/strong><br>Urkunde per mail<\/p>\n\n\n\n<p><strong>Teilnehmerlimit:<\/strong><br>mindestens 3, maximal 15  \u2013 Mindestalter 18 Jahre <\/p>\n\n\n\n<p><strong>Kontakt\/weitere Informationen:<\/strong><br>kontakt@isarmarathon.de<\/p>\n\n\n\n<p><strong>Haftungsausschl\u00fcsse und notwendige Erkl\u00e4rungen der Teilnehmer:<\/strong><br>1. Der Veranstalter \u00fcbernimmt f\u00fcr Unf\u00e4lle und Verletzungen aller Art sowie Diebstahl oder sonstige Sch\u00e4den keine Haftung. Die Teilnahme erfolgt auf eigenes Risiko.<\/p>\n\n\n\n<p>2. Der Teilnehmer erkl\u00e4rt, dass er die zum Zeitpunkt des Laufs g\u00fcltigen bayerischen Kontaktbeschr\u00e4nkungen und weitere gesetzlichen Vorgaben im Rahmen der Corona-Pandemie einh\u00e4lt. <\/p>\n\n\n\n<p>3. Der Teilnehmer erkl\u00e4rt, dass er einen f\u00fcr die Absolvierung des Laufs ausreichenden Trainings- und Gesundheitszustand besitzt und mehre Marathons im Jahr l\u00e4uft.&nbsp;Eine medizinische Betreuung wird nicht organisiert.<\/p>\n\n\n\n<p>4.&nbsp;Es gilt die Stra\u00dfenverkehrsordnung. Es werden viele Stra\u00dfen gequert. Oft werden Fu\u00dfg\u00e4nger und Radfahrer auf dem gleichen Weg unterwegs sein. Bitte sehr vorsichtig sein. <\/p>\n\n\n\n<p>5. Sollten sich die rechtlichen Rahmenbedingungen \u00e4ndern, kann der Lauf abgesagt werden.<\/p>\n\n\n\n<p>6. Der Teilnehmer best\u00e4tigt mit seiner Anmeldung, dass er damit einverstanden ist, dass s\u00e4mtliche Fotos und Videos, die im Zusammenhang mit dem Lauf stehen, ohne Verg\u00fctungsanspr\u00fcche genutzt werden d\u00fcrfen .<\/p>\n","protected":false},"excerpt":{"rendered":"<p>Der Traum des kleinen Andreas wird wahr: Einmal die Originalstrecke des M\u00fcnchen Marathons laufen und das genau 50 Jahre nachdem ich den Lauf in Schwarzwei\u00dffernsehen verfolgt habe.Der Lauf ist anders als 1972 auch f\u00fcr Frauen ge\u00f6ffnet. Und nach dem Finish kann sich Judith wahrscheinlich r\u00fchmen, die erste Frau gewesen zu sein, welche die Originalstrecke gelaufen &hellip; <\/p>\n<p class=\"link-more\"><a href=\"https:\/\/isarmarathon.de\/?page_id=500\" class=\"more-link\"><span class=\"screen-reader-text\">\u201eM\u00fcnchen Olympia Erinnerungsmarathon 1972-2022 am Samstag, 10.9.2022\u201c <\/span>weiterlesen<\/a><\/p>\n","protected":false},"author":1,"featured_media":530,"parent":0,"menu_order":0,"comment_status":"closed","ping_status":"closed","template":"","meta":{"footnotes":""},"class_list":["post-500","page","type-page","status-publish","has-post-thumbnail","hentry"],"_links":{"self":[{"href":"https:\/\/isarmarathon.de\/index.php?rest_route=\/wp\/v2\/pages\/500","targetHints":{"allow":["GET"]}}],"collection":[{"href":"https:\/\/isarmarathon.de\/index.php?rest_route=\/wp\/v2\/pages"}],"about":[{"href":"https:\/\/isarmarathon.de\/index.php?rest_route=\/wp\/v2\/types\/page"}],"author":[{"embeddable":true,"href":"https:\/\/isarmarathon.de\/index.php?rest_route=\/wp\/v2\/users\/1"}],"replies":[{"embeddable":true,"href":"https:\/\/isarmarathon.de\/index.php?rest_route=%2Fwp%2Fv2%2Fcomments&post=500"}],"version-history":[{"count":15,"href":"https:\/\/isarmarathon.de\/index.php?rest_route=\/wp\/v2\/pages\/500\/revisions"}],"predecessor-version":[{"id":537,"href":"https:\/\/isarmarathon.de\/index.php?rest_route=\/wp\/v2\/pages\/500\/revisions\/537"}],"wp:featuredmedia":[{"embeddable":true,"href":"https:\/\/isarmarathon.de\/index.php?rest_route=\/wp\/v2\/media\/530"}],"wp:attachment":[{"href":"https:\/\/isarmarathon.de\/index.php?rest_route=%2Fwp%2Fv2%2Fmedia&parent=500"}],"curies":[{"name":"wp","href":"https:\/\/api.w.org\/{rel}","templated":true}]}}