{"id":739,"date":"2026-01-25T20:52:59","date_gmt":"2026-01-25T18:52:59","guid":{"rendered":"https:\/\/isarmarathon.de\/?page_id=739"},"modified":"2026-04-20T20:27:16","modified_gmt":"2026-04-20T18:27:16","slug":"5-munich-urban-trail-mucut-sonntag-19-4-2026","status":"publish","type":"page","link":"https:\/\/isarmarathon.de\/?page_id=739","title":{"rendered":"5. Munich Urban Trail &#8211; MUCUT, Sonntag, 19.4.2026"},"content":{"rendered":"\n<p>Auf einer gro\u00dfen Runde geht es durch das M\u00fcnchener Zentrum, zu den Aussichtspunkten und vielen Sehensw\u00fcrdigkeiten. Nat\u00fcrlich mit einigen H\u00f6henmetern und Treppenstufen. Die Route ist so gew\u00e4hlt, dass nur sehr wenige Stra\u00dfen \u00fcber Ampeln gequert werden m\u00fcssen. Meist sind es Br\u00fccken oder es geht durch Fu\u00dfg\u00e4ngerunterf\u00fchrungen oder U-Bahn-Verteilergeschosse.<\/p>\n\n\n\n<p>Dieses Jahr wurde die Strecke geringf\u00fcgig angepasst: Wir schauten mal im Olympiadorf vorbei.<br><br>Ansonsten alles schon recht gr\u00fcn, perfekte Temperaturen und leider einige kurze Schauer. Im Zentrum trafen wir auf Laufende eines Orientierungslaufs, im Olympiapark einige FC Bayern-Fans und an der Theresienwiese auf das Fr\u00fchlingsfest.<\/p>\n\n\n\n<figure class=\"wp-block-image size-full is-resized\"><img loading=\"lazy\" decoding=\"async\" width=\"1416\" height=\"1582\" src=\"https:\/\/isarmarathon.de\/wp-content\/uploads\/2026\/04\/Bildschirmfoto-2026-04-19-um-22.07.28.png\" alt=\"\" class=\"wp-image-759\" style=\"width:674px;height:auto\" srcset=\"https:\/\/isarmarathon.de\/wp-content\/uploads\/2026\/04\/Bildschirmfoto-2026-04-19-um-22.07.28.png 1416w, https:\/\/isarmarathon.de\/wp-content\/uploads\/2026\/04\/Bildschirmfoto-2026-04-19-um-22.07.28-269x300.png 269w, https:\/\/isarmarathon.de\/wp-content\/uploads\/2026\/04\/Bildschirmfoto-2026-04-19-um-22.07.28-917x1024.png 917w, https:\/\/isarmarathon.de\/wp-content\/uploads\/2026\/04\/Bildschirmfoto-2026-04-19-um-22.07.28-768x858.png 768w, https:\/\/isarmarathon.de\/wp-content\/uploads\/2026\/04\/Bildschirmfoto-2026-04-19-um-22.07.28-1375x1536.png 1375w\" sizes=\"auto, (max-width: 767px) 89vw, (max-width: 1000px) 54vw, (max-width: 1071px) 543px, 580px\" \/><\/figure>\n\n\n\n<p><\/p>\n\n\n\n<p><strong>Ergebnisse (vorl\u00e4ufig):<\/strong><\/p>\n\n\n\n<figure class=\"wp-block-table is-style-stripes\"><table><tbody>\n<tr><td><strong>Platz<\/strong><\/td><td><strong>Name<\/strong><\/td><td><strong>Vorname<\/strong><\/td><td><strong>Ort\/Verein<\/strong><\/td><td><strong>Zeit<\/strong><\/td><\/tr>\n<tr><td>1<\/td><td>Fr\u00f6hler<\/td><td>Daniel<\/td><td>M\u00fcnchen<\/td><td>3:46:12<\/td><\/tr>\n<tr><td>2<\/td><td>Glei\u00dfner<\/td><td>Phillipp<\/td><td>Krailling<\/td><td>4:23:33<\/td><\/tr>\n<tr><td>3<\/td><td>Klinger<\/td><td>Thomas<\/td><td>M\u00fcnchen, RC Abschnitt Mitte<\/td><td>5:27:31<\/td><\/tr>\n<tr><td>4<\/td><td>Bettingen<\/td><td>Andreas<\/td><td>M\u00fcnchen, Club Super Marathon Italia<\/td><td>6:30:08<\/td><\/tr>\n<tr><td>4<\/td><td>Krauss<\/td><td>Roland<\/td><td>LG Ultralauf, Kammerstein<\/td><td>6:30:08<\/td><\/tr>\n<tr><td>6<\/td><td>Wiethaler<\/td><td>Frank<\/td><td>Zirndorf, Skiclub Biberttal<\/td><td>6:30:10<\/td><\/tr>\n<tr><td>7<\/td><td>Manhard<\/td><td>Bernie<\/td><td>Kissing, Team TOMJ<\/td><td>6:30:17<\/td><\/tr>\n<tr><td>F1<\/td><td>Strack<\/td><td>Judith<\/td><td>M\u00fcnchen, Club Super Marathon Italia<\/td><td>6:30:18<\/td><\/tr>\n<tr><td>8<\/td><td>Pitsch<\/td><td>Udo<\/td><td>Wehringen, TG Viktoria Augsburg<\/td><td>6:48:42<\/td><\/tr>\n<tr><td>9<\/td><td>Greppmeir<\/td><td>Andreas<\/td><td>Mering, Team TOMJ<\/td><td>9:17:18<\/td><\/tr>\n<tr><td>9<\/td><td>Englerth<\/td><td>J\u00fcrgen<\/td><td>Taufkirchen, Texas Homies<\/td><td>9:17:18<\/td><\/tr>\n<tr><td>&#8211;<\/td><td>Berger<\/td><td>Charly<\/td><td>Friedberg, Team TOMJ<\/td><td>DNS<\/td><\/tr>\n<\/tbody><\/table><\/figure>\n\n\n\n<p><strong>Datum:<\/strong><br>Sonntag, 19.4.2026<\/p>\n\n\n\n<p><strong>Startzeit\/Zeitlimit:<\/strong><br>Startzeit ist um 9:25. Kein Zeitlimit, jedoch muss der Marathon in einem St\u00fcck abgeschlossen werden. Sonderstartzeiten auf Anfrage.<br>Wir treffen uns zwischen Volksbad und Isar um 9:15 und gehen dann zu Fu\u00df zum Start.<\/p>\n\n\n\n<p><strong>Strecke<\/strong><br>Beschreibung siehe Bild oben.<\/p>\n\n\n\n<p>Die Strecke ist durch mehrere L\u00e4ufe mit unterschiedlichen Laufuhren vermessen und 43 km lang. H\u00f6henmeter ungef\u00e4hr 350, die Anstiege (Luitpoldberg, Olympiaberg, Isar Hochufer) sind meistens nur 10 bis 20 H\u00f6henmeter hoch.<br>F\u00fcr die Teilnehmenden gibt es eine Beschreibung und GPS\/GPX-Streckendatei.<\/p>\n\n\n\n<p><strong>Start- und Ziel<\/strong>,<strong>Gep\u00e4ckaufbewahrung:<\/strong><br>Der Start liegt an der Isar bei der Lukaskirche. Das Ziel liegt am Volksbad an der Isar. Keine Gep\u00e4ckaufbewahrung.<\/p>\n\n\n\n<p><strong>Anfahrt:<\/strong><br>M\u00fcllersches Volksbad an der Ludwigsbr\u00fccke. Wer \u00fcber die Ludwigsbr\u00fccke von Westen kommt, kann am Rosenheimer Platz wenden und dann vor dem Volksbad nach rechts abbiegen.. <br>S-Bahn Isartor (ist in einem Bahnticket bis M\u00fcnchen enthalten!)<\/p>\n\n\n\n<p><strong>Verpflegung:<\/strong><br>Keine Verpflegung durch den Organisator. WC-Anlagen und Wasserbrunnen an der Strecke.<\/p>\n\n\n\n<p><strong>Toiletten\/Duschen:<\/strong><br>Am Start beim Volksbad steht ein Dixi zur Verf\u00fcgung. Duschen und ein recht warmes Becken (sogenannte Damenhalle) im Volksbad.<\/p>\n\n\n\n<p><strong>Zeitnahme:<\/strong><br>Selbst\u00e4ndig per Laufuhr. Der GPS-Track dient als Nachweis der Zeit und der Kilometer. <\/p>\n\n\n\n<p><strong>Startgeb\u00fchr:<\/strong><br>Keine. Keine Spende<\/p>\n\n\n\n<p><strong>Anerkennung:<\/strong><br>Urkunde per mail.<\/p>\n\n\n\n<p><strong>Teilnehmerlimit:<\/strong><br>mindestens 3, maximal 10  \u2013 Mindestalter 18 Jahre<\/p>\n\n\n\n<p><strong>Anmeldung:<\/strong><br>bis 12 Stunden vor Start; unter Angabe von Vorname, Nachname, Ort und Verein per Mail. <\/p>\n\n\n\n<p><strong>Kontakt\/weitere Informationen:<\/strong><br>kontakt@isarmarathon.de<\/p>\n\n\n\n<p><strong>Haftungsausschl\u00fcsse und notwendige Erkl\u00e4rungen der Teilnehmer:<\/strong><br>1. Der Veranstalter \u00fcbernimmt f\u00fcr Unf\u00e4lle und Verletzungen aller Art sowie Diebstahl oder sonstige Sch\u00e4den keine Haftung. Die Teilnahme erfolgt auf eigenes Risiko.<\/p>\n\n\n\n<p>2. Der\/die Teilnehmende erkl\u00e4rt, dass sie\/er einen f\u00fcr die Absolvierung des Laufs ausreichenden Trainings- und Gesundheitszustand besitzt und mehrere Marathons im Jahr l\u00e4uft.&nbsp;Eine medizinische Betreuung wird nicht organisiert.<\/p>\n\n\n\n<p>3.&nbsp;Es gilt die Stra\u00dfenverkehrsordnung. Es werden mehrere Stra\u00dfen gequert. An den wenigen Ampeln auf der Strecke sollte man sehr vorsichtig sein. Meist sind es stark befahrene Stra\u00dfen. <\/p>\n\n\n\n<p>4. Sollten sich die rechtlichen Rahmenbedingungen \u00e4ndern, kann der Lauf abgesagt werden.<\/p>\n\n\n\n<p>5. Mit der Anmeldung best\u00e4tigen Teilnehmende, dass sie damit einverstanden sind, dass s\u00e4mtliche Fotos und Videos, die im Zusammenhang mit dem Lauf stehen, ohne Verg\u00fctungsanspr\u00fcche genutzt werden d\u00fcrfen .<\/p>\n","protected":false},"excerpt":{"rendered":"<p>Auf einer gro\u00dfen Runde geht es durch das M\u00fcnchener Zentrum, zu den Aussichtspunkten und vielen Sehensw\u00fcrdigkeiten. Nat\u00fcrlich mit einigen H\u00f6henmetern und Treppenstufen. Die Route ist so gew\u00e4hlt, dass nur sehr wenige Stra\u00dfen \u00fcber Ampeln gequert werden m\u00fcssen. Meist sind es Br\u00fccken oder es geht durch Fu\u00dfg\u00e4ngerunterf\u00fchrungen oder U-Bahn-Verteilergeschosse. Dieses Jahr wurde die Strecke geringf\u00fcgig angepasst: &hellip; <\/p>\n<p class=\"link-more\"><a href=\"https:\/\/isarmarathon.de\/?page_id=739\" class=\"more-link\"><span class=\"screen-reader-text\">\u201e5. Munich Urban Trail &#8211; MUCUT, Sonntag, 19.4.2026\u201c <\/span>weiterlesen<\/a><\/p>\n","protected":false},"author":1,"featured_media":0,"parent":0,"menu_order":0,"comment_status":"closed","ping_status":"closed","template":"","meta":{"footnotes":""},"class_list":["post-739","page","type-page","status-publish","hentry"],"_links":{"self":[{"href":"https:\/\/isarmarathon.de\/index.php?rest_route=\/wp\/v2\/pages\/739","targetHints":{"allow":["GET"]}}],"collection":[{"href":"https:\/\/isarmarathon.de\/index.php?rest_route=\/wp\/v2\/pages"}],"about":[{"href":"https:\/\/isarmarathon.de\/index.php?rest_route=\/wp\/v2\/types\/page"}],"author":[{"embeddable":true,"href":"https:\/\/isarmarathon.de\/index.php?rest_route=\/wp\/v2\/users\/1"}],"replies":[{"embeddable":true,"href":"https:\/\/isarmarathon.de\/index.php?rest_route=%2Fwp%2Fv2%2Fcomments&post=739"}],"version-history":[{"count":12,"href":"https:\/\/isarmarathon.de\/index.php?rest_route=\/wp\/v2\/pages\/739\/revisions"}],"predecessor-version":[{"id":762,"href":"https:\/\/isarmarathon.de\/index.php?rest_route=\/wp\/v2\/pages\/739\/revisions\/762"}],"wp:attachment":[{"href":"https:\/\/isarmarathon.de\/index.php?rest_route=%2Fwp%2Fv2%2Fmedia&parent=739"}],"curies":[{"name":"wp","href":"https:\/\/api.w.org\/{rel}","templated":true}]}}